{"id":2807,"date":"2013-05-27T18:18:16","date_gmt":"2013-05-27T18:18:16","guid":{"rendered":"https:\/\/www.finsdesiecles-artdeco.com\/?product=etagere-vitrine"},"modified":"2022-08-18T11:05:13","modified_gmt":"2022-08-18T11:05:13","slug":"etagere-vitrine-de-centre","status":"publish","type":"product","link":"https:\/\/www.finsdesiecles-artdeco.com\/fr\/product\/etagere-vitrine-de-centre\/","title":{"rendered":"\u00c9tag\u00e8re-vitrine de centre"},"content":{"rendered":"<p>\u00c9tag\u00e8re-vitrine de centre<\/p>\n<hr \/>\n<p><b>Dimensions<\/b><\/p>\n<ul>\n<li><b>cm:<\/b> 122 x 37 x 163<\/li>\n<li><b>inches:<\/b> 48.03 x 14.57 x 64.17<\/li>\n<\/ul>\n","protected":false},"excerpt":{"rendered":"<p>Exceptionnelle \u00e9tag\u00e8re &#8211; vitrine de centre en acajou massif et placage, un porte vitr\u00e9e s\u00b4 ouvrant en abattant, d\u00e9cor de placages et frise g\u00e9ometrique cachant le syst\u00e8me d\u00b4 illumination int\u00e9rieur, 2 \u00e9tag\u00e8res en verre, pieds en laiton.<\/p>\n<p>Italie c. 1950<\/p>\n<p><b>Dimensions<\/b><\/p>\n<ul>\n<li><b>cm:<\/b> 122 x 37 x 163<\/li>\n<li><b>inches:<\/b> 48.03 x 14.57 x 64.17<\/li>\n<\/ul>\n","protected":false},"featured_media":2797,"template":"","meta":{"_editorskit_title_hidden":false,"_editorskit_reading_time":0,"_editorskit_is_block_options_detached":false,"_editorskit_block_options_position":"{}","inline_featured_image":false},"product_brand":[],"product_cat":[276,444,450],"product_tag":[],"class_list":{"0":"post-2807","1":"product","2":"type-product","3":"status-publish","4":"has-post-thumbnail","6":"product_cat-auxiliaires","7":"product_cat-etageres","8":"product_cat-vitrines-fr","10":"first","11":"instock","12":"purchasable","13":"product-type-simple"},"_links":{"self":[{"href":"https:\/\/www.finsdesiecles-artdeco.com\/fr\/wp-json\/wp\/v2\/product\/2807","targetHints":{"allow":["GET"]}}],"collection":[{"href":"https:\/\/www.finsdesiecles-artdeco.com\/fr\/wp-json\/wp\/v2\/product"}],"about":[{"href":"https:\/\/www.finsdesiecles-artdeco.com\/fr\/wp-json\/wp\/v2\/types\/product"}],"wp:featuredmedia":[{"embeddable":true,"href":"https:\/\/www.finsdesiecles-artdeco.com\/fr\/wp-json\/wp\/v2\/media\/2797"}],"wp:attachment":[{"href":"https:\/\/www.finsdesiecles-artdeco.com\/fr\/wp-json\/wp\/v2\/media?parent=2807"}],"wp:term":[{"taxonomy":"product_brand","embeddable":true,"href":"https:\/\/www.finsdesiecles-artdeco.com\/fr\/wp-json\/wp\/v2\/product_brand?post=2807"},{"taxonomy":"product_cat","embeddable":true,"href":"https:\/\/www.finsdesiecles-artdeco.com\/fr\/wp-json\/wp\/v2\/product_cat?post=2807"},{"taxonomy":"product_tag","embeddable":true,"href":"https:\/\/www.finsdesiecles-artdeco.com\/fr\/wp-json\/wp\/v2\/product_tag?post=2807"}],"curies":[{"name":"wp","href":"https:\/\/api.w.org\/{rel}","templated":true}]}}