{"id":28103,"date":"2024-02-21T13:07:00","date_gmt":"2024-02-21T13:13:44","guid":{"rendered":"https:\/\/www.finsdesiecles-artdeco.com\/?post_type=product&#038;p=28103"},"modified":"2024-02-21T13:16:01","modified_gmt":"2024-02-21T13:16:01","slug":"grand-banc-italie-1950","status":"publish","type":"product","link":"https:\/\/www.finsdesiecles-artdeco.com\/fr\/product\/grand-banc-italie-1950\/","title":{"rendered":"Grand banc &#8211; Italie 1950"},"content":{"rendered":"<p>Grand banc &#8211; Italie 1950<\/p>\n<p><strong>Dimensions<\/strong><\/p>\n<p><strong>cm<\/strong> 176 x 44,5 x 87 \/ 40 (assise)<\/p>\n<p><strong>inches<\/strong> 69.29 x 17.52 x 34.25 \/ 15.75 (assise)<\/p>\n","protected":false},"excerpt":{"rendered":"<p>Grand banc en Z\u00e9brano massif et placage de Z\u00e9brano. Tr\u00e8s beau travail d&rsquo;\u00e9b\u00e9nisterie.<\/p>\n<p>Italie vers 1950<\/p>\n<p>&nbsp;<\/p>\n<p><strong>Dimensions<\/strong><\/p>\n<p><strong>cm<\/strong> 176 x 44,5 x 87 \/ 40 (assise)<\/p>\n<p><strong>inches<\/strong> 69.29 x 17.52 x 34.25 \/ 15.75 (assise)<\/p>\n","protected":false},"featured_media":28079,"template":"","meta":{"_editorskit_title_hidden":false,"_editorskit_reading_time":0,"_editorskit_is_block_options_detached":false,"_editorskit_block_options_position":"{}","inline_featured_image":false},"product_brand":[],"product_cat":[250,285],"product_tag":[],"class_list":{"0":"post-28103","1":"product","2":"type-product","3":"status-publish","4":"has-post-thumbnail","6":"product_cat-sieges","7":"product_cat-bancs-et-banquettes","9":"first","10":"instock","11":"shipping-taxable","12":"purchasable","13":"product-type-simple"},"_links":{"self":[{"href":"https:\/\/www.finsdesiecles-artdeco.com\/fr\/wp-json\/wp\/v2\/product\/28103","targetHints":{"allow":["GET"]}}],"collection":[{"href":"https:\/\/www.finsdesiecles-artdeco.com\/fr\/wp-json\/wp\/v2\/product"}],"about":[{"href":"https:\/\/www.finsdesiecles-artdeco.com\/fr\/wp-json\/wp\/v2\/types\/product"}],"wp:featuredmedia":[{"embeddable":true,"href":"https:\/\/www.finsdesiecles-artdeco.com\/fr\/wp-json\/wp\/v2\/media\/28079"}],"wp:attachment":[{"href":"https:\/\/www.finsdesiecles-artdeco.com\/fr\/wp-json\/wp\/v2\/media?parent=28103"}],"wp:term":[{"taxonomy":"product_brand","embeddable":true,"href":"https:\/\/www.finsdesiecles-artdeco.com\/fr\/wp-json\/wp\/v2\/product_brand?post=28103"},{"taxonomy":"product_cat","embeddable":true,"href":"https:\/\/www.finsdesiecles-artdeco.com\/fr\/wp-json\/wp\/v2\/product_cat?post=28103"},{"taxonomy":"product_tag","embeddable":true,"href":"https:\/\/www.finsdesiecles-artdeco.com\/fr\/wp-json\/wp\/v2\/product_tag?post=28103"}],"curies":[{"name":"wp","href":"https:\/\/api.w.org\/{rel}","templated":true}]}}