{"id":28482,"date":"2024-03-13T17:24:39","date_gmt":"2024-03-13T17:29:08","guid":{"rendered":"https:\/\/www.finsdesiecles-artdeco.com\/?post_type=product&#038;p=28482"},"modified":"2024-03-13T17:29:09","modified_gmt":"2024-03-13T17:29:09","slug":"porte-parapluies-art-deco-belgique-1930","status":"publish","type":"product","link":"https:\/\/www.finsdesiecles-artdeco.com\/fr\/product\/porte-parapluies-art-deco-belgique-1930\/","title":{"rendered":"Porte-parapluies Art D\u00e9co &#8211; Belgique 1930"},"content":{"rendered":"<p>Porte-parapluies Art D\u00e9co &#8211; Belgique 1930<\/p>\n<p><strong>Dimensions<\/strong><\/p>\n<p><strong>cm<\/strong>\u00a055 x 20 x 49<\/p>\n<p><strong>inches<\/strong>\u00a021.65 x 7.87 x 19.29<\/p>\n","protected":false},"excerpt":{"rendered":"<p>Porte-parapluies Art D\u00e9co en m\u00e9tal chrom\u00e9 et bak\u00e9lite. Tr\u00e8s belle qualit\u00e9 d&rsquo;ex\u00e9cution.<\/p>\n<p>Belgique vers 1930<\/p>\n<p>&nbsp;<\/p>\n<p><strong>Dimensions<\/strong><\/p>\n<p><strong>cm<\/strong>\u00a055 x 20 x 49<\/p>\n<p><strong>inches<\/strong>\u00a021.65 x 7.87 x 19.29<\/p>\n","protected":false},"featured_media":28462,"template":"","meta":{"_editorskit_title_hidden":false,"_editorskit_reading_time":0,"_editorskit_is_block_options_detached":false,"_editorskit_block_options_position":"{}","inline_featured_image":false},"product_brand":[],"product_cat":[686],"product_tag":[],"class_list":{"0":"post-28482","1":"product","2":"type-product","3":"status-publish","4":"has-post-thumbnail","6":"product_cat-divers","8":"first","9":"instock","10":"shipping-taxable","11":"purchasable","12":"product-type-simple"},"_links":{"self":[{"href":"https:\/\/www.finsdesiecles-artdeco.com\/fr\/wp-json\/wp\/v2\/product\/28482","targetHints":{"allow":["GET"]}}],"collection":[{"href":"https:\/\/www.finsdesiecles-artdeco.com\/fr\/wp-json\/wp\/v2\/product"}],"about":[{"href":"https:\/\/www.finsdesiecles-artdeco.com\/fr\/wp-json\/wp\/v2\/types\/product"}],"wp:featuredmedia":[{"embeddable":true,"href":"https:\/\/www.finsdesiecles-artdeco.com\/fr\/wp-json\/wp\/v2\/media\/28462"}],"wp:attachment":[{"href":"https:\/\/www.finsdesiecles-artdeco.com\/fr\/wp-json\/wp\/v2\/media?parent=28482"}],"wp:term":[{"taxonomy":"product_brand","embeddable":true,"href":"https:\/\/www.finsdesiecles-artdeco.com\/fr\/wp-json\/wp\/v2\/product_brand?post=28482"},{"taxonomy":"product_cat","embeddable":true,"href":"https:\/\/www.finsdesiecles-artdeco.com\/fr\/wp-json\/wp\/v2\/product_cat?post=28482"},{"taxonomy":"product_tag","embeddable":true,"href":"https:\/\/www.finsdesiecles-artdeco.com\/fr\/wp-json\/wp\/v2\/product_tag?post=28482"}],"curies":[{"name":"wp","href":"https:\/\/api.w.org\/{rel}","templated":true}]}}