{"id":29153,"date":"2024-05-02T09:23:10","date_gmt":"2024-05-02T09:28:25","guid":{"rendered":"https:\/\/www.finsdesiecles-artdeco.com\/?post_type=product&#038;p=29153"},"modified":"2024-05-02T09:38:05","modified_gmt":"2024-05-02T09:38:05","slug":"table-basse-rectangulaire-italie-1960","status":"publish","type":"product","link":"https:\/\/www.finsdesiecles-artdeco.com\/fr\/product\/table-basse-rectangulaire-italie-1960\/","title":{"rendered":"Table basse rectangulaire &#8211; Italie 1960"},"content":{"rendered":"<p>Table basse rectangulaire &#8211; Italie 1960<\/p>\n<p><strong>Dimensions<\/strong><\/p>\n<p><strong>cm<\/strong>\u00a0100 x 45,5 x 33,5<\/p>\n<p><strong>inches<\/strong>\u00a039.37 x 17.91 x 13.19<\/p>\n","protected":false},"excerpt":{"rendered":"<p>Table basse rectangulaire en palissandre de Rio massif et en placage de palissandre, reposant sur quatre pieds reli\u00e9s par une entretoise, deux tiroirs faisant office de plateaux recouverts de formica rouge ouvrant aux deux extr\u00e9mit\u00e9s, d\u00e9tails en laiton, vernis \u00e0 la gomme-laque.<\/p>\n<p>Italie vers 1960<\/p>\n<p>&nbsp;<\/p>\n<p><strong>Dimensions<\/strong><\/p>\n<p><strong>cm<\/strong>\u00a0100 x 45,5 x 33,5<\/p>\n<p><strong>inches<\/strong>\u00a039.37 x 17.91 x 13.19<\/p>\n","protected":false},"featured_media":29127,"template":"","meta":{"_editorskit_title_hidden":false,"_editorskit_reading_time":0,"_editorskit_is_block_options_detached":false,"_editorskit_block_options_position":"{}","inline_featured_image":false},"product_brand":[],"product_cat":[256,291],"product_tag":[],"class_list":{"0":"post-29153","1":"product","2":"type-product","3":"status-publish","4":"has-post-thumbnail","6":"product_cat-tables","7":"product_cat-tables-basses","9":"first","10":"instock","11":"shipping-taxable","12":"purchasable","13":"product-type-simple"},"_links":{"self":[{"href":"https:\/\/www.finsdesiecles-artdeco.com\/fr\/wp-json\/wp\/v2\/product\/29153","targetHints":{"allow":["GET"]}}],"collection":[{"href":"https:\/\/www.finsdesiecles-artdeco.com\/fr\/wp-json\/wp\/v2\/product"}],"about":[{"href":"https:\/\/www.finsdesiecles-artdeco.com\/fr\/wp-json\/wp\/v2\/types\/product"}],"wp:featuredmedia":[{"embeddable":true,"href":"https:\/\/www.finsdesiecles-artdeco.com\/fr\/wp-json\/wp\/v2\/media\/29127"}],"wp:attachment":[{"href":"https:\/\/www.finsdesiecles-artdeco.com\/fr\/wp-json\/wp\/v2\/media?parent=29153"}],"wp:term":[{"taxonomy":"product_brand","embeddable":true,"href":"https:\/\/www.finsdesiecles-artdeco.com\/fr\/wp-json\/wp\/v2\/product_brand?post=29153"},{"taxonomy":"product_cat","embeddable":true,"href":"https:\/\/www.finsdesiecles-artdeco.com\/fr\/wp-json\/wp\/v2\/product_cat?post=29153"},{"taxonomy":"product_tag","embeddable":true,"href":"https:\/\/www.finsdesiecles-artdeco.com\/fr\/wp-json\/wp\/v2\/product_tag?post=29153"}],"curies":[{"name":"wp","href":"https:\/\/api.w.org\/{rel}","templated":true}]}}