{"id":29178,"date":"2024-05-02T10:22:57","date_gmt":"2024-05-02T10:27:17","guid":{"rendered":"https:\/\/www.finsdesiecles-artdeco.com\/?post_type=product&#038;p=29178"},"modified":"2024-05-02T10:27:17","modified_gmt":"2024-05-02T10:27:17","slug":"lampe-de-table-en-metal-argente-italie-1970","status":"publish","type":"product","link":"https:\/\/www.finsdesiecles-artdeco.com\/fr\/product\/lampe-de-table-en-metal-argente-italie-1970\/","title":{"rendered":"Lampe de table en m\u00e9tal argent\u00e9 &#8211; Italie 1970"},"content":{"rendered":"<p>Lampe de table en m\u00e9tal argent\u00e9 &#8211; Italie 1970<\/p>\n<p><strong>Dimensions<\/strong><\/p>\n<p><strong>cm<\/strong>\u00a0Diam 45 x 54,5<\/p>\n<p><strong>inches<\/strong>\u00a0Diam 17.72 x 21.46<\/p>\n","protected":false},"excerpt":{"rendered":"<p>Lampe de table en m\u00e9tal argent\u00e9, abat-jour en papier color\u00e9.<\/p>\n<p>Italie vers 1970<\/p>\n<p>&nbsp;<\/p>\n<p><strong>Dimensions<\/strong><\/p>\n<p><strong>cm<\/strong>\u00a0Diam 45 x 54,5<\/p>\n<p><strong>inches<\/strong>\u00a0Diam 17.72 x 21.46<\/p>\n","protected":false},"featured_media":29158,"template":"","meta":{"_editorskit_title_hidden":false,"_editorskit_reading_time":0,"_editorskit_is_block_options_detached":false,"_editorskit_block_options_position":"{}","inline_featured_image":false},"product_brand":[],"product_cat":[333,264],"product_tag":[],"class_list":{"0":"post-29178","1":"product","2":"type-product","3":"status-publish","4":"has-post-thumbnail","6":"product_cat-lampes-de-table","7":"product_cat-luminaires","9":"first","10":"instock","11":"shipping-taxable","12":"purchasable","13":"product-type-simple"},"_links":{"self":[{"href":"https:\/\/www.finsdesiecles-artdeco.com\/fr\/wp-json\/wp\/v2\/product\/29178","targetHints":{"allow":["GET"]}}],"collection":[{"href":"https:\/\/www.finsdesiecles-artdeco.com\/fr\/wp-json\/wp\/v2\/product"}],"about":[{"href":"https:\/\/www.finsdesiecles-artdeco.com\/fr\/wp-json\/wp\/v2\/types\/product"}],"wp:featuredmedia":[{"embeddable":true,"href":"https:\/\/www.finsdesiecles-artdeco.com\/fr\/wp-json\/wp\/v2\/media\/29158"}],"wp:attachment":[{"href":"https:\/\/www.finsdesiecles-artdeco.com\/fr\/wp-json\/wp\/v2\/media?parent=29178"}],"wp:term":[{"taxonomy":"product_brand","embeddable":true,"href":"https:\/\/www.finsdesiecles-artdeco.com\/fr\/wp-json\/wp\/v2\/product_brand?post=29178"},{"taxonomy":"product_cat","embeddable":true,"href":"https:\/\/www.finsdesiecles-artdeco.com\/fr\/wp-json\/wp\/v2\/product_cat?post=29178"},{"taxonomy":"product_tag","embeddable":true,"href":"https:\/\/www.finsdesiecles-artdeco.com\/fr\/wp-json\/wp\/v2\/product_tag?post=29178"}],"curies":[{"name":"wp","href":"https:\/\/api.w.org\/{rel}","templated":true}]}}