{"id":29220,"date":"2024-05-05T10:27:21","date_gmt":"2024-05-05T10:33:41","guid":{"rendered":"https:\/\/www.finsdesiecles-artdeco.com\/?post_type=product&#038;p=29220"},"modified":"2024-05-05T10:33:41","modified_gmt":"2024-05-05T10:33:41","slug":"table-de-nuit-a-trois-tiroirs-espagne-1960","status":"publish","type":"product","link":"https:\/\/www.finsdesiecles-artdeco.com\/fr\/product\/table-de-nuit-a-trois-tiroirs-espagne-1960\/","title":{"rendered":"Table de nuit \u00e0 trois tiroirs &#8211; Espagne 1960"},"content":{"rendered":"<p>Table de nuit \u00e0 trois tiroirs &#8211; Espagne 1960<\/p>\n<p><strong>Dimensions\u00a0<\/strong><\/p>\n<p><strong>cm<\/strong>\u00a044,5 x 33,5 x 60<\/p>\n<p><strong>inches<\/strong>\u00a017.52 x 13.19 x 23.62<\/p>\n","protected":false},"excerpt":{"rendered":"<p>Table de nuit \u00e0 trois tiroirs, bois massif plaqu\u00e9 de Sapelli, poign\u00e9es en m\u00e9tal dor\u00e9. Vernis \u00e0 la gomme-laque.<\/p>\n<p>Espagne 1960- 1970<\/p>\n<p>&nbsp;<\/p>\n<p><strong>Dimensions\u00a0<\/strong><\/p>\n<p><strong>cm<\/strong>\u00a044,5 x 33,5 x 60<\/p>\n<p><strong>inches<\/strong>\u00a017.52 x 13.19 x 23.62<\/p>\n","protected":false},"featured_media":29200,"template":"","meta":{"_editorskit_title_hidden":false,"_editorskit_reading_time":0,"_editorskit_is_block_options_detached":false,"_editorskit_block_options_position":"{}","inline_featured_image":false},"product_brand":[],"product_cat":[415,256,270,312],"product_tag":[],"class_list":{"0":"post-29220","1":"product","2":"type-product","3":"status-publish","4":"has-post-thumbnail","6":"product_cat-meubles-de-rangement","7":"product_cat-tables","8":"product_cat-chambres-a-coucher","9":"product_cat-tables-de-nuit","11":"first","12":"instock","13":"shipping-taxable","14":"purchasable","15":"product-type-simple"},"_links":{"self":[{"href":"https:\/\/www.finsdesiecles-artdeco.com\/fr\/wp-json\/wp\/v2\/product\/29220","targetHints":{"allow":["GET"]}}],"collection":[{"href":"https:\/\/www.finsdesiecles-artdeco.com\/fr\/wp-json\/wp\/v2\/product"}],"about":[{"href":"https:\/\/www.finsdesiecles-artdeco.com\/fr\/wp-json\/wp\/v2\/types\/product"}],"wp:featuredmedia":[{"embeddable":true,"href":"https:\/\/www.finsdesiecles-artdeco.com\/fr\/wp-json\/wp\/v2\/media\/29200"}],"wp:attachment":[{"href":"https:\/\/www.finsdesiecles-artdeco.com\/fr\/wp-json\/wp\/v2\/media?parent=29220"}],"wp:term":[{"taxonomy":"product_brand","embeddable":true,"href":"https:\/\/www.finsdesiecles-artdeco.com\/fr\/wp-json\/wp\/v2\/product_brand?post=29220"},{"taxonomy":"product_cat","embeddable":true,"href":"https:\/\/www.finsdesiecles-artdeco.com\/fr\/wp-json\/wp\/v2\/product_cat?post=29220"},{"taxonomy":"product_tag","embeddable":true,"href":"https:\/\/www.finsdesiecles-artdeco.com\/fr\/wp-json\/wp\/v2\/product_tag?post=29220"}],"curies":[{"name":"wp","href":"https:\/\/api.w.org\/{rel}","templated":true}]}}