{"id":29542,"date":"2024-06-05T16:35:20","date_gmt":"2024-06-05T16:43:17","guid":{"rendered":"https:\/\/www.finsdesiecles-artdeco.com\/?post_type=product&#038;p=29542"},"modified":"2024-06-27T10:13:24","modified_gmt":"2024-06-27T10:13:24","slug":"table-basse-rectangulaire-danemark-1973","status":"publish","type":"product","link":"https:\/\/www.finsdesiecles-artdeco.com\/fr\/product\/table-basse-rectangulaire-danemark-1973\/","title":{"rendered":"Table basse rectangulaire &#8211; Danemark 1973"},"content":{"rendered":"<p>Table basse rectangulaire &#8211; Danemark 1973<\/p>\n<p><strong>Dimensions<\/strong><\/p>\n<p><strong>cm<\/strong>\u00a0137,5 x 76,5 x 49,5<\/p>\n<p><strong>inches<\/strong>\u00a054.13 x 30.12 x 19.49<\/p>\n","protected":false},"excerpt":{"rendered":"<p>Table basse rectangulaire en bois plaqu\u00e9 de palissandre \u00e0 4 pieds d\u00e9montables, plateau \u00e0 cadre en palissandre et 18 carreaux de c\u00e9ramique \u00e0 d\u00e9cor g\u00e9om\u00e9trique dans les tons blanc cass\u00e9 et olive. Finition gomme-laque satin\u00e9e<\/p>\n<p>Travail de la firme Gangso.<\/p>\n<p>Danemark dat\u00e9 du 10 mai 1973.<\/p>\n<p>&nbsp;<\/p>\n<p><strong>Dimensions<\/strong><\/p>\n<p><strong>cm<\/strong>\u00a0137,5 x 76,5 x 49,5<\/p>\n<p><strong>inches<\/strong>\u00a054.13 x 30.12 x 19.49<\/p>\n","protected":false},"featured_media":29525,"template":"","meta":{"_editorskit_title_hidden":false,"_editorskit_reading_time":0,"_editorskit_is_block_options_detached":false,"_editorskit_block_options_position":"{}","inline_featured_image":false},"product_brand":[],"product_cat":[256,291],"product_tag":[],"class_list":{"0":"post-29542","1":"product","2":"type-product","3":"status-publish","4":"has-post-thumbnail","6":"product_cat-tables","7":"product_cat-tables-basses","9":"first","10":"instock","11":"shipping-taxable","12":"purchasable","13":"product-type-simple"},"_links":{"self":[{"href":"https:\/\/www.finsdesiecles-artdeco.com\/fr\/wp-json\/wp\/v2\/product\/29542","targetHints":{"allow":["GET"]}}],"collection":[{"href":"https:\/\/www.finsdesiecles-artdeco.com\/fr\/wp-json\/wp\/v2\/product"}],"about":[{"href":"https:\/\/www.finsdesiecles-artdeco.com\/fr\/wp-json\/wp\/v2\/types\/product"}],"wp:featuredmedia":[{"embeddable":true,"href":"https:\/\/www.finsdesiecles-artdeco.com\/fr\/wp-json\/wp\/v2\/media\/29525"}],"wp:attachment":[{"href":"https:\/\/www.finsdesiecles-artdeco.com\/fr\/wp-json\/wp\/v2\/media?parent=29542"}],"wp:term":[{"taxonomy":"product_brand","embeddable":true,"href":"https:\/\/www.finsdesiecles-artdeco.com\/fr\/wp-json\/wp\/v2\/product_brand?post=29542"},{"taxonomy":"product_cat","embeddable":true,"href":"https:\/\/www.finsdesiecles-artdeco.com\/fr\/wp-json\/wp\/v2\/product_cat?post=29542"},{"taxonomy":"product_tag","embeddable":true,"href":"https:\/\/www.finsdesiecles-artdeco.com\/fr\/wp-json\/wp\/v2\/product_tag?post=29542"}],"curies":[{"name":"wp","href":"https:\/\/api.w.org\/{rel}","templated":true}]}}