{"id":29724,"date":"2024-06-18T11:27:08","date_gmt":"2024-06-18T11:34:10","guid":{"rendered":"https:\/\/www.finsdesiecles-artdeco.com\/?post_type=product&#038;p=29724"},"modified":"2024-07-22T12:19:21","modified_gmt":"2024-07-22T12:19:21","slug":"grande-suspension-italie-1950-60","status":"publish","type":"product","link":"https:\/\/www.finsdesiecles-artdeco.com\/fr\/product\/grande-suspension-italie-1950-60\/","title":{"rendered":"Grande suspension &#8211; Italie 1950-60"},"content":{"rendered":"<p>Grande suspension &#8211; Italie 1950-60<\/p>\n<p><strong>Dimensions<\/strong><\/p>\n<p><strong>cm<\/strong> Diam 46 x 212<\/p>\n<p><strong>inches<\/strong>\u00a0Diam 18.11 x 83.46<\/p>\n","protected":false},"excerpt":{"rendered":"<p>Grande suspension \u00e0 6 globes en verre givr\u00e9 travaill\u00e9 \u00e0 l&rsquo;acide et d\u00e9cor\u00e9 de ligne noires. Ing\u00e9nieux syst\u00e8me de d\u00e9montage des verreries. Plateau sup\u00e9rieur en t\u00f4le laqu\u00e9e blanc. Cables en mati\u00e8re plastique noire.<\/p>\n<p>Italie 1950-60<\/p>\n<p>&nbsp;<\/p>\n<p><strong>Dimensions<\/strong><\/p>\n<p><strong>cm<\/strong> Diam 46 x 212<\/p>\n<p><strong>inches<\/strong>\u00a0Diam 18.11 x 83.46<\/p>\n","protected":false},"featured_media":29695,"template":"","meta":{"_editorskit_title_hidden":false,"_editorskit_reading_time":0,"_editorskit_is_block_options_detached":false,"_editorskit_block_options_position":"{}","inline_featured_image":false},"product_brand":[],"product_cat":[327,264],"product_tag":[],"class_list":{"0":"post-29724","1":"product","2":"type-product","3":"status-publish","4":"has-post-thumbnail","6":"product_cat-lustres","7":"product_cat-luminaires","9":"first","10":"instock","11":"shipping-taxable","12":"purchasable","13":"product-type-simple"},"_links":{"self":[{"href":"https:\/\/www.finsdesiecles-artdeco.com\/fr\/wp-json\/wp\/v2\/product\/29724","targetHints":{"allow":["GET"]}}],"collection":[{"href":"https:\/\/www.finsdesiecles-artdeco.com\/fr\/wp-json\/wp\/v2\/product"}],"about":[{"href":"https:\/\/www.finsdesiecles-artdeco.com\/fr\/wp-json\/wp\/v2\/types\/product"}],"wp:featuredmedia":[{"embeddable":true,"href":"https:\/\/www.finsdesiecles-artdeco.com\/fr\/wp-json\/wp\/v2\/media\/29695"}],"wp:attachment":[{"href":"https:\/\/www.finsdesiecles-artdeco.com\/fr\/wp-json\/wp\/v2\/media?parent=29724"}],"wp:term":[{"taxonomy":"product_brand","embeddable":true,"href":"https:\/\/www.finsdesiecles-artdeco.com\/fr\/wp-json\/wp\/v2\/product_brand?post=29724"},{"taxonomy":"product_cat","embeddable":true,"href":"https:\/\/www.finsdesiecles-artdeco.com\/fr\/wp-json\/wp\/v2\/product_cat?post=29724"},{"taxonomy":"product_tag","embeddable":true,"href":"https:\/\/www.finsdesiecles-artdeco.com\/fr\/wp-json\/wp\/v2\/product_tag?post=29724"}],"curies":[{"name":"wp","href":"https:\/\/api.w.org\/{rel}","templated":true}]}}