{"id":29774,"date":"2024-06-18T14:53:54","date_gmt":"2024-06-18T14:59:37","guid":{"rendered":"https:\/\/www.finsdesiecles-artdeco.com\/?post_type=product&#038;p=29774"},"modified":"2024-06-18T14:59:38","modified_gmt":"2024-06-18T14:59:38","slug":"porte-parapluies-avec-poignee-france-1970","status":"publish","type":"product","link":"https:\/\/www.finsdesiecles-artdeco.com\/fr\/product\/porte-parapluies-avec-poignee-france-1970\/","title":{"rendered":"Porte-parapluies avec poign\u00e9e &#8211; France 1970"},"content":{"rendered":"<p>Porte-parapluies avec poign\u00e9e &#8211; France 1970<\/p>\n<p><strong>Dimensions<\/strong><\/p>\n<p><strong>cm<\/strong> 26 x 26 x 46 \u2013 18 (poign\u00e9e)<\/p>\n<p><strong>inches<\/strong> 10.24 x 10.24 x 18.11 \u2013 7.09 (poign\u00e9e)<\/p>\n","protected":false},"excerpt":{"rendered":"<p>Porte-parapluies en m\u00e9tal chrom\u00e9, poign\u00e9e en cuir surpiqu\u00e9.<\/p>\n<p>France vers 1970<\/p>\n<p>&nbsp;<\/p>\n<p><strong>Dimensions<\/strong><\/p>\n<p><strong>cm<\/strong> 26 x 26 x 46 \u2013 18 (poign\u00e9e)<\/p>\n<p><strong>inches<\/strong> 10.24 x 10.24 x 18.11 \u2013 7.09 (poign\u00e9e)<\/p>\n","protected":false},"featured_media":29757,"template":"","meta":{"_editorskit_title_hidden":false,"_editorskit_reading_time":0,"_editorskit_is_block_options_detached":false,"_editorskit_block_options_position":"{}","inline_featured_image":false},"product_brand":[],"product_cat":[686],"product_tag":[],"class_list":{"0":"post-29774","1":"product","2":"type-product","3":"status-publish","4":"has-post-thumbnail","6":"product_cat-divers","8":"first","9":"instock","10":"shipping-taxable","11":"purchasable","12":"product-type-simple"},"_links":{"self":[{"href":"https:\/\/www.finsdesiecles-artdeco.com\/fr\/wp-json\/wp\/v2\/product\/29774","targetHints":{"allow":["GET"]}}],"collection":[{"href":"https:\/\/www.finsdesiecles-artdeco.com\/fr\/wp-json\/wp\/v2\/product"}],"about":[{"href":"https:\/\/www.finsdesiecles-artdeco.com\/fr\/wp-json\/wp\/v2\/types\/product"}],"wp:featuredmedia":[{"embeddable":true,"href":"https:\/\/www.finsdesiecles-artdeco.com\/fr\/wp-json\/wp\/v2\/media\/29757"}],"wp:attachment":[{"href":"https:\/\/www.finsdesiecles-artdeco.com\/fr\/wp-json\/wp\/v2\/media?parent=29774"}],"wp:term":[{"taxonomy":"product_brand","embeddable":true,"href":"https:\/\/www.finsdesiecles-artdeco.com\/fr\/wp-json\/wp\/v2\/product_brand?post=29774"},{"taxonomy":"product_cat","embeddable":true,"href":"https:\/\/www.finsdesiecles-artdeco.com\/fr\/wp-json\/wp\/v2\/product_cat?post=29774"},{"taxonomy":"product_tag","embeddable":true,"href":"https:\/\/www.finsdesiecles-artdeco.com\/fr\/wp-json\/wp\/v2\/product_tag?post=29774"}],"curies":[{"name":"wp","href":"https:\/\/api.w.org\/{rel}","templated":true}]}}