{"id":30207,"date":"2024-07-13T16:33:47","date_gmt":"2024-07-13T16:39:36","guid":{"rendered":"https:\/\/www.finsdesiecles-artdeco.com\/?post_type=product&#038;p=30207"},"modified":"2024-07-13T16:39:37","modified_gmt":"2024-07-13T16:39:37","slug":"vase-pique-fleurs-hibou-belgique-1970","status":"publish","type":"product","link":"https:\/\/www.finsdesiecles-artdeco.com\/fr\/product\/vase-pique-fleurs-hibou-belgique-1970\/","title":{"rendered":"Vase pique-fleurs \u00ab\u00a0Hibou\u00a0\u00bb &#8211; Belgique 1970"},"content":{"rendered":"<p>Vase pique-fleurs \u00ab\u00a0Hibou\u00a0\u00bb &#8211; Belgique 1970<\/p>\n<p><strong>Dimensions\u00a0<\/strong><\/p>\n<p><strong>cm<\/strong>\u00a029,5 x 23 x 28,5<\/p>\n<p><strong>inches<\/strong>\u00a011.61 x 9.06 x 11.22<\/p>\n","protected":false},"excerpt":{"rendered":"<p>Vase pique-fleurs \u00ab\u00a0Hibou\u00a0\u00bb en gr\u00e8s color\u00e9 et verniss\u00e9.<\/p>\n<p>Belgique vers 1970<\/p>\n<p>&nbsp;<\/p>\n<p><strong>Dimensions\u00a0<\/strong><\/p>\n<p><strong>cm<\/strong>\u00a029,5 x 23 x 28,5<\/p>\n<p><strong>inches<\/strong>\u00a011.61 x 9.06 x 11.22<\/p>\n<p>&nbsp;<\/p>\n","protected":false},"featured_media":30184,"template":"","meta":{"_editorskit_title_hidden":false,"_editorskit_reading_time":0,"_editorskit_is_block_options_detached":false,"_editorskit_block_options_position":"{}","inline_featured_image":false},"product_brand":[],"product_cat":[462,267],"product_tag":[],"class_list":{"0":"post-30207","1":"product","2":"type-product","3":"status-publish","4":"has-post-thumbnail","6":"product_cat-ceramiques","7":"product_cat-objets-et-accessoires","9":"first","10":"outofstock","11":"shipping-taxable","12":"product-type-simple"},"_links":{"self":[{"href":"https:\/\/www.finsdesiecles-artdeco.com\/fr\/wp-json\/wp\/v2\/product\/30207","targetHints":{"allow":["GET"]}}],"collection":[{"href":"https:\/\/www.finsdesiecles-artdeco.com\/fr\/wp-json\/wp\/v2\/product"}],"about":[{"href":"https:\/\/www.finsdesiecles-artdeco.com\/fr\/wp-json\/wp\/v2\/types\/product"}],"wp:featuredmedia":[{"embeddable":true,"href":"https:\/\/www.finsdesiecles-artdeco.com\/fr\/wp-json\/wp\/v2\/media\/30184"}],"wp:attachment":[{"href":"https:\/\/www.finsdesiecles-artdeco.com\/fr\/wp-json\/wp\/v2\/media?parent=30207"}],"wp:term":[{"taxonomy":"product_brand","embeddable":true,"href":"https:\/\/www.finsdesiecles-artdeco.com\/fr\/wp-json\/wp\/v2\/product_brand?post=30207"},{"taxonomy":"product_cat","embeddable":true,"href":"https:\/\/www.finsdesiecles-artdeco.com\/fr\/wp-json\/wp\/v2\/product_cat?post=30207"},{"taxonomy":"product_tag","embeddable":true,"href":"https:\/\/www.finsdesiecles-artdeco.com\/fr\/wp-json\/wp\/v2\/product_tag?post=30207"}],"curies":[{"name":"wp","href":"https:\/\/api.w.org\/{rel}","templated":true}]}}