{"id":30295,"date":"2024-07-15T10:56:14","date_gmt":"2024-07-15T11:00:05","guid":{"rendered":"https:\/\/www.finsdesiecles-artdeco.com\/?post_type=product&#038;p=30295"},"modified":"2024-07-15T11:00:05","modified_gmt":"2024-07-15T11:00:05","slug":"commode-cubiste-barcelone-1960","status":"publish","type":"product","link":"https:\/\/www.finsdesiecles-artdeco.com\/fr\/product\/commode-cubiste-barcelone-1960\/","title":{"rendered":"Commode cubiste &#8211; Barcelone 1960"},"content":{"rendered":"<p>Commode cubiste &#8211; Barcelone 1960<\/p>\n<p><strong>Dimensions\u00a0<\/strong><\/p>\n<p><strong>cm<\/strong>\u00a0120 x 35 x 75<\/p>\n<p><strong>inches<\/strong>\u00a047.24 x 13.78 x 29.53<\/p>\n","protected":false},"excerpt":{"rendered":"<p>Commode cubiste \u00e0 8 tiroirs, bois massif et agglom\u00e9r\u00e9 plaqu\u00e9 de noyer, finition gomme-laque satin\u00e9e.<\/p>\n<p>Espagne, Barcelone vers 1960<\/p>\n<p>&nbsp;<\/p>\n<p><strong>Dimensions\u00a0<\/strong><\/p>\n<p><strong>cm<\/strong>\u00a0120 x 35 x 75<\/p>\n<p><strong>inches<\/strong>\u00a047.24 x 13.78 x 29.53<\/p>\n","protected":false},"featured_media":30266,"template":"","meta":{"_editorskit_title_hidden":false,"_editorskit_reading_time":0,"_editorskit_is_block_options_detached":false,"_editorskit_block_options_position":"{}","inline_featured_image":false},"product_brand":[],"product_cat":[415,306],"product_tag":[],"class_list":{"0":"post-30295","1":"product","2":"type-product","3":"status-publish","4":"has-post-thumbnail","6":"product_cat-meubles-de-rangement","7":"product_cat-commodes","9":"first","10":"outofstock","11":"shipping-taxable","12":"product-type-simple"},"_links":{"self":[{"href":"https:\/\/www.finsdesiecles-artdeco.com\/fr\/wp-json\/wp\/v2\/product\/30295","targetHints":{"allow":["GET"]}}],"collection":[{"href":"https:\/\/www.finsdesiecles-artdeco.com\/fr\/wp-json\/wp\/v2\/product"}],"about":[{"href":"https:\/\/www.finsdesiecles-artdeco.com\/fr\/wp-json\/wp\/v2\/types\/product"}],"wp:featuredmedia":[{"embeddable":true,"href":"https:\/\/www.finsdesiecles-artdeco.com\/fr\/wp-json\/wp\/v2\/media\/30266"}],"wp:attachment":[{"href":"https:\/\/www.finsdesiecles-artdeco.com\/fr\/wp-json\/wp\/v2\/media?parent=30295"}],"wp:term":[{"taxonomy":"product_brand","embeddable":true,"href":"https:\/\/www.finsdesiecles-artdeco.com\/fr\/wp-json\/wp\/v2\/product_brand?post=30295"},{"taxonomy":"product_cat","embeddable":true,"href":"https:\/\/www.finsdesiecles-artdeco.com\/fr\/wp-json\/wp\/v2\/product_cat?post=30295"},{"taxonomy":"product_tag","embeddable":true,"href":"https:\/\/www.finsdesiecles-artdeco.com\/fr\/wp-json\/wp\/v2\/product_tag?post=30295"}],"curies":[{"name":"wp","href":"https:\/\/api.w.org\/{rel}","templated":true}]}}