{"id":30427,"date":"2024-07-21T10:22:25","date_gmt":"2024-07-21T10:27:31","guid":{"rendered":"https:\/\/www.finsdesiecles-artdeco.com\/?post_type=product&#038;p=30427"},"modified":"2024-07-21T10:27:31","modified_gmt":"2024-07-21T10:27:31","slug":"lampadaire-de-murano-italie-1940","status":"publish","type":"product","link":"https:\/\/www.finsdesiecles-artdeco.com\/fr\/product\/lampadaire-de-murano-italie-1940\/","title":{"rendered":"Lampadaire de Murano &#8211; Italie 1940"},"content":{"rendered":"<p>Lampadaire de Murano &#8211; Italie 1940<\/p>\n<p><strong>Dimensions<\/strong><\/p>\n<p><strong>cm<\/strong>\u00a0Diam 54 x 180<\/p>\n<p><strong>inches<\/strong>\u00a0Diam 21.26 x 70.86<\/p>\n","protected":false},"excerpt":{"rendered":"<p>Lampadaire en verre souffl\u00e9 de Murano tr\u00e8s \u00e9pais et laiton poli. Trois points de lumi\u00e8re. Abat-jour refait \u00e0 neuf en toile ivoire.<\/p>\n<p>Italie vers 1940<\/p>\n<p>&nbsp;<\/p>\n<p><strong>Dimensions<\/strong><\/p>\n<p><strong>cm<\/strong>\u00a0Diam 54 x 180<\/p>\n<p><strong>inches<\/strong>\u00a0Diam 21.26 x 70.86<\/p>\n","protected":false},"featured_media":30407,"template":"","meta":{"_editorskit_title_hidden":false,"_editorskit_reading_time":0,"_editorskit_is_block_options_detached":false,"_editorskit_block_options_position":"{}","inline_featured_image":false},"product_brand":[],"product_cat":[330,264],"product_tag":[],"class_list":{"0":"post-30427","1":"product","2":"type-product","3":"status-publish","4":"has-post-thumbnail","6":"product_cat-lampadaires","7":"product_cat-luminaires","9":"first","10":"instock","11":"shipping-taxable","12":"purchasable","13":"product-type-simple"},"_links":{"self":[{"href":"https:\/\/www.finsdesiecles-artdeco.com\/fr\/wp-json\/wp\/v2\/product\/30427","targetHints":{"allow":["GET"]}}],"collection":[{"href":"https:\/\/www.finsdesiecles-artdeco.com\/fr\/wp-json\/wp\/v2\/product"}],"about":[{"href":"https:\/\/www.finsdesiecles-artdeco.com\/fr\/wp-json\/wp\/v2\/types\/product"}],"wp:featuredmedia":[{"embeddable":true,"href":"https:\/\/www.finsdesiecles-artdeco.com\/fr\/wp-json\/wp\/v2\/media\/30407"}],"wp:attachment":[{"href":"https:\/\/www.finsdesiecles-artdeco.com\/fr\/wp-json\/wp\/v2\/media?parent=30427"}],"wp:term":[{"taxonomy":"product_brand","embeddable":true,"href":"https:\/\/www.finsdesiecles-artdeco.com\/fr\/wp-json\/wp\/v2\/product_brand?post=30427"},{"taxonomy":"product_cat","embeddable":true,"href":"https:\/\/www.finsdesiecles-artdeco.com\/fr\/wp-json\/wp\/v2\/product_cat?post=30427"},{"taxonomy":"product_tag","embeddable":true,"href":"https:\/\/www.finsdesiecles-artdeco.com\/fr\/wp-json\/wp\/v2\/product_tag?post=30427"}],"curies":[{"name":"wp","href":"https:\/\/api.w.org\/{rel}","templated":true}]}}