{"id":30669,"date":"2024-08-06T15:04:08","date_gmt":"2024-08-06T15:09:30","guid":{"rendered":"https:\/\/www.finsdesiecles-artdeco.com\/?post_type=product&#038;p=30669"},"modified":"2024-08-06T15:09:30","modified_gmt":"2024-08-06T15:09:30","slug":"paire-de-bibliotheques-etroites-barcelone-1950","status":"publish","type":"product","link":"https:\/\/www.finsdesiecles-artdeco.com\/fr\/product\/paire-de-bibliotheques-etroites-barcelone-1950\/","title":{"rendered":"Paire de biblioth\u00e8ques \u00e9troites &#8211; Barcelone 1950"},"content":{"rendered":"<p>Paire de biblioth\u00e8ques \u00e9troites &#8211; Barcelone 1950<\/p>\n<p><strong>Dimensions\u00a0<\/strong><\/p>\n<p><strong>cm<\/strong>\u00a064,5 x 26 x 199<\/p>\n<p><strong>inches<\/strong>\u00a025.39 x 10.24 x 78.35<\/p>\n","protected":false},"excerpt":{"rendered":"<p>Paire de biblioth\u00e8ques \u00e9troites en placage de fr\u00eane. Vernis au tampon satin\u00e9.<\/p>\n<p>Espagne, Barcelone vers 1950<\/p>\n<p>&nbsp;<\/p>\n<p><strong>Dimensions\u00a0<\/strong><\/p>\n<p><strong>cm<\/strong>\u00a064,5 x 26 x 199<\/p>\n<p><strong>inches<\/strong>\u00a025.39 x 10.24 x 78.35<\/p>\n","protected":false},"featured_media":30649,"template":"","meta":{"_editorskit_title_hidden":false,"_editorskit_reading_time":0,"_editorskit_is_block_options_detached":false,"_editorskit_block_options_position":"{}","inline_featured_image":false},"product_brand":[],"product_cat":[415,300],"product_tag":[],"class_list":{"0":"post-30669","1":"product","2":"type-product","3":"status-publish","4":"has-post-thumbnail","6":"product_cat-meubles-de-rangement","7":"product_cat-bibliotheques","9":"first","10":"instock","11":"shipping-taxable","12":"purchasable","13":"product-type-simple"},"_links":{"self":[{"href":"https:\/\/www.finsdesiecles-artdeco.com\/fr\/wp-json\/wp\/v2\/product\/30669","targetHints":{"allow":["GET"]}}],"collection":[{"href":"https:\/\/www.finsdesiecles-artdeco.com\/fr\/wp-json\/wp\/v2\/product"}],"about":[{"href":"https:\/\/www.finsdesiecles-artdeco.com\/fr\/wp-json\/wp\/v2\/types\/product"}],"wp:featuredmedia":[{"embeddable":true,"href":"https:\/\/www.finsdesiecles-artdeco.com\/fr\/wp-json\/wp\/v2\/media\/30649"}],"wp:attachment":[{"href":"https:\/\/www.finsdesiecles-artdeco.com\/fr\/wp-json\/wp\/v2\/media?parent=30669"}],"wp:term":[{"taxonomy":"product_brand","embeddable":true,"href":"https:\/\/www.finsdesiecles-artdeco.com\/fr\/wp-json\/wp\/v2\/product_brand?post=30669"},{"taxonomy":"product_cat","embeddable":true,"href":"https:\/\/www.finsdesiecles-artdeco.com\/fr\/wp-json\/wp\/v2\/product_cat?post=30669"},{"taxonomy":"product_tag","embeddable":true,"href":"https:\/\/www.finsdesiecles-artdeco.com\/fr\/wp-json\/wp\/v2\/product_tag?post=30669"}],"curies":[{"name":"wp","href":"https:\/\/api.w.org\/{rel}","templated":true}]}}