{"id":3084,"date":"2014-03-15T10:15:51","date_gmt":"2014-03-15T10:15:51","guid":{"rendered":"https:\/\/www.finsdesiecles-artdeco.com\/?product=table-de-centre"},"modified":"2023-08-21T10:07:52","modified_gmt":"2023-08-21T10:07:52","slug":"table-de-centre-art-deco","status":"publish","type":"product","link":"https:\/\/www.finsdesiecles-artdeco.com\/fr\/product\/table-de-centre-art-deco\/","title":{"rendered":"Table de centre Art D\u00e9co\u00a0&#8211; Italie 1930"},"content":{"rendered":"<p>Table de centre Art D\u00e9co\u00a0&#8211; Italie 1930<\/p>\n<hr \/>\n<p><b>Dimensions<\/b><\/p>\n<ul>\n<li><b>cm:<\/b> 84 x 84 x 58<\/li>\n<li><b>inches:<\/b> 33.07 x 33.07 x 22.83<\/li>\n<\/ul>\n","protected":false},"excerpt":{"rendered":"<p>Table de centre Art D\u00e9co en placages d\u2019\u00e9rable et \u00e9b\u00e8ne de Macassar vernis, tubes en laiton nickel\u00e9s et splendide verre de 2 cm d&rsquo;\u00e9paisseur d\u2019origine.<\/p>\n<p>Italie c. 1930<\/p>\n<p><b>Dimensions<\/b><\/p>\n<ul>\n<li><b>cm:<\/b> 84 x 84 x 58<\/li>\n<li><b>inches:<\/b> 33.07 x 33.07 x 22.83<\/li>\n<\/ul>\n","protected":false},"featured_media":3078,"template":"","meta":{"_editorskit_title_hidden":false,"_editorskit_reading_time":0,"_editorskit_is_block_options_detached":false,"_editorskit_block_options_position":"{}","inline_featured_image":false},"product_brand":[],"product_cat":[256,291],"product_tag":[],"class_list":{"0":"post-3084","1":"product","2":"type-product","3":"status-publish","4":"has-post-thumbnail","6":"product_cat-tables","7":"product_cat-tables-basses","9":"first","10":"instock","11":"purchasable","12":"product-type-simple"},"_links":{"self":[{"href":"https:\/\/www.finsdesiecles-artdeco.com\/fr\/wp-json\/wp\/v2\/product\/3084","targetHints":{"allow":["GET"]}}],"collection":[{"href":"https:\/\/www.finsdesiecles-artdeco.com\/fr\/wp-json\/wp\/v2\/product"}],"about":[{"href":"https:\/\/www.finsdesiecles-artdeco.com\/fr\/wp-json\/wp\/v2\/types\/product"}],"wp:featuredmedia":[{"embeddable":true,"href":"https:\/\/www.finsdesiecles-artdeco.com\/fr\/wp-json\/wp\/v2\/media\/3078"}],"wp:attachment":[{"href":"https:\/\/www.finsdesiecles-artdeco.com\/fr\/wp-json\/wp\/v2\/media?parent=3084"}],"wp:term":[{"taxonomy":"product_brand","embeddable":true,"href":"https:\/\/www.finsdesiecles-artdeco.com\/fr\/wp-json\/wp\/v2\/product_brand?post=3084"},{"taxonomy":"product_cat","embeddable":true,"href":"https:\/\/www.finsdesiecles-artdeco.com\/fr\/wp-json\/wp\/v2\/product_cat?post=3084"},{"taxonomy":"product_tag","embeddable":true,"href":"https:\/\/www.finsdesiecles-artdeco.com\/fr\/wp-json\/wp\/v2\/product_tag?post=3084"}],"curies":[{"name":"wp","href":"https:\/\/api.w.org\/{rel}","templated":true}]}}