{"id":31004,"date":"2024-08-23T16:21:38","date_gmt":"2024-08-23T16:29:09","guid":{"rendered":"https:\/\/www.finsdesiecles-artdeco.com\/?post_type=product&#038;p=31004"},"modified":"2024-08-23T16:29:10","modified_gmt":"2024-08-23T16:29:10","slug":"suite-de-6-fauteuils-bridges-vittorio-dassi-1960","status":"publish","type":"product","link":"https:\/\/www.finsdesiecles-artdeco.com\/fr\/product\/suite-de-6-fauteuils-bridges-vittorio-dassi-1960\/","title":{"rendered":"Suite de 6 fauteuils \u00ab\u00a0bridges\u00a0\u00bb &#8211; Vittorio Dassi 1960"},"content":{"rendered":"<p><strong>Vittorio Dassi<\/strong>\u00a0(Italie, 1893-1973)<\/p>\n<p>Artiste italien d\u2019apr\u00e8s-guerre et contemporain. Ses meubles, r\u00e9alis\u00e9s dans les ann\u00e9es 1940 et 1950, se distinguent par le choix de bois nobles, comme le palissandre, le merisier, le fr\u00eane et le noyer, et l\u2019utilisation d\u2019incrustations de verre des ma\u00eetres verriers. El\u00e9gants et fonctionnels, ses designs sont comparables \u00e0 ceux de Gio Ponti, auquel Dassi \u00e9tait li\u00e9 par d\u2019importantes collaborations apr\u00e8s avoir remplac\u00e9 son p\u00e8re dans l\u2019entreprise Dassi Mobili Moderni, bas\u00e9e \u00e0 Lissone. Parmi les projets les plus importants de l\u2019entreprise figure l\u2019ameublement des chambres de l\u2019H\u00f4tel Royal de Naples, con\u00e7u par Ponti au milieu des ann\u00e9es 1950. Cette p\u00e9riode marque le tournant de la pratique de Dassi vers des formes plus sch\u00e9matiques et l\u2019utilisation du teck pour la production de meubles modulables.<\/p>\n","protected":false},"excerpt":{"rendered":"<p>Suite de 6 fauteuils \u00ab\u00a0bridges\u00a0\u00bb en acajou massif teint\u00e9 et verni satin\u00e9, tapisserie et garnissage refaits \u00e0 neuf, tissu bouclettes beige.<\/p>\n<p>Attribu\u00e9s \u00e0 Vittorio Dassi<\/p>\n<p>Italie vers 1960<\/p>\n<p>&nbsp;<\/p>\n<p><strong>Dimensions<\/strong><\/p>\n<p><strong>cm<\/strong> 62 x 63 x 84,5 \u2013 45 (assise)<\/p>\n<p><strong>inches<\/strong> 24.40 x 24.80 x 33.27 \u2013 17.72 (assise)<\/p>\n","protected":false},"featured_media":30978,"template":"","meta":{"_editorskit_title_hidden":false,"_editorskit_reading_time":0,"_editorskit_is_block_options_detached":false,"_editorskit_block_options_position":"{}","inline_featured_image":false},"product_brand":[],"product_cat":[250,251],"product_tag":[],"class_list":{"0":"post-31004","1":"product","2":"type-product","3":"status-publish","4":"has-post-thumbnail","6":"product_cat-sieges","7":"product_cat-fauteuils","9":"first","10":"instock","11":"shipping-taxable","12":"purchasable","13":"product-type-simple"},"_links":{"self":[{"href":"https:\/\/www.finsdesiecles-artdeco.com\/fr\/wp-json\/wp\/v2\/product\/31004","targetHints":{"allow":["GET"]}}],"collection":[{"href":"https:\/\/www.finsdesiecles-artdeco.com\/fr\/wp-json\/wp\/v2\/product"}],"about":[{"href":"https:\/\/www.finsdesiecles-artdeco.com\/fr\/wp-json\/wp\/v2\/types\/product"}],"wp:featuredmedia":[{"embeddable":true,"href":"https:\/\/www.finsdesiecles-artdeco.com\/fr\/wp-json\/wp\/v2\/media\/30978"}],"wp:attachment":[{"href":"https:\/\/www.finsdesiecles-artdeco.com\/fr\/wp-json\/wp\/v2\/media?parent=31004"}],"wp:term":[{"taxonomy":"product_brand","embeddable":true,"href":"https:\/\/www.finsdesiecles-artdeco.com\/fr\/wp-json\/wp\/v2\/product_brand?post=31004"},{"taxonomy":"product_cat","embeddable":true,"href":"https:\/\/www.finsdesiecles-artdeco.com\/fr\/wp-json\/wp\/v2\/product_cat?post=31004"},{"taxonomy":"product_tag","embeddable":true,"href":"https:\/\/www.finsdesiecles-artdeco.com\/fr\/wp-json\/wp\/v2\/product_tag?post=31004"}],"curies":[{"name":"wp","href":"https:\/\/api.w.org\/{rel}","templated":true}]}}