{"id":3151,"date":"2015-01-02T17:29:40","date_gmt":"2015-01-02T17:29:40","guid":{"rendered":"https:\/\/www.finsdesiecles-artdeco.com\/?product=plafonnier"},"modified":"2022-10-28T16:22:19","modified_gmt":"2022-10-28T16:22:19","slug":"plafonnier-belge-des-annees-40","status":"publish","type":"product","link":"https:\/\/www.finsdesiecles-artdeco.com\/fr\/product\/plafonnier-belge-des-annees-40\/","title":{"rendered":"Plafonnier belge des ann\u00e9es 40"},"content":{"rendered":"<p>Plafonnier belge des ann\u00e9es 40<\/p>\n<hr \/>\n<p><b>Dimensions<\/b><\/p>\n<ul>\n<li><b>cm:<\/b> 232 x 196 x 57<\/li>\n<li><b>inches:<\/b> 91.34 x 77.17 x 22.44<\/li>\n<\/ul>\n","protected":false},"excerpt":{"rendered":"<p>Majestueux plafonnier en bois stuqu\u00e9, bronze et verre d\u00e9poli suspendu par 4 tubes en laiton, connexions \u00e9lectriques refaites a neuf. splendide travail provenant d\u2019une banque \u00e0 Anvers.<\/p>\n<p>Belgique c. 1940<\/p>\n<p><b>Dimensions<\/b><\/p>\n<ul>\n<li><b>cm:<\/b> 232 x 196 x 57<\/li>\n<li><b>inches:<\/b> 91.34 x 77.17 x 22.44<\/li>\n<\/ul>\n","protected":false},"featured_media":3142,"template":"","meta":{"_editorskit_title_hidden":false,"_editorskit_reading_time":0,"_editorskit_is_block_options_detached":false,"_editorskit_block_options_position":"{}","inline_featured_image":false},"product_brand":[],"product_cat":[264,327],"product_tag":[],"class_list":{"0":"post-3151","1":"product","2":"type-product","3":"status-publish","4":"has-post-thumbnail","6":"product_cat-luminaires","7":"product_cat-lustres","9":"first","10":"instock","11":"purchasable","12":"product-type-simple"},"_links":{"self":[{"href":"https:\/\/www.finsdesiecles-artdeco.com\/fr\/wp-json\/wp\/v2\/product\/3151","targetHints":{"allow":["GET"]}}],"collection":[{"href":"https:\/\/www.finsdesiecles-artdeco.com\/fr\/wp-json\/wp\/v2\/product"}],"about":[{"href":"https:\/\/www.finsdesiecles-artdeco.com\/fr\/wp-json\/wp\/v2\/types\/product"}],"wp:featuredmedia":[{"embeddable":true,"href":"https:\/\/www.finsdesiecles-artdeco.com\/fr\/wp-json\/wp\/v2\/media\/3142"}],"wp:attachment":[{"href":"https:\/\/www.finsdesiecles-artdeco.com\/fr\/wp-json\/wp\/v2\/media?parent=3151"}],"wp:term":[{"taxonomy":"product_brand","embeddable":true,"href":"https:\/\/www.finsdesiecles-artdeco.com\/fr\/wp-json\/wp\/v2\/product_brand?post=3151"},{"taxonomy":"product_cat","embeddable":true,"href":"https:\/\/www.finsdesiecles-artdeco.com\/fr\/wp-json\/wp\/v2\/product_cat?post=3151"},{"taxonomy":"product_tag","embeddable":true,"href":"https:\/\/www.finsdesiecles-artdeco.com\/fr\/wp-json\/wp\/v2\/product_tag?post=3151"}],"curies":[{"name":"wp","href":"https:\/\/api.w.org\/{rel}","templated":true}]}}