{"id":31528,"date":"2024-10-01T13:51:52","date_gmt":"2024-10-01T13:55:53","guid":{"rendered":"https:\/\/www.finsdesiecles-artdeco.com\/?post_type=product&#038;p=31528"},"modified":"2024-10-01T13:55:54","modified_gmt":"2024-10-01T13:55:54","slug":"figurine-dours-espagne-1960","status":"publish","type":"product","link":"https:\/\/www.finsdesiecles-artdeco.com\/fr\/product\/figurine-dours-espagne-1960\/","title":{"rendered":"Figurine d&rsquo;ours &#8211; Espagne 1960"},"content":{"rendered":"<p>Figurine d&rsquo;ours &#8211; Espagne 1960<\/p>\n<p><strong>Dimensions\u00a0<\/strong><\/p>\n<p><strong>cm<\/strong>\u00a045 x 12,5 x 29,5<\/p>\n<p><strong>inches<\/strong>\u00a017.72 x 4.92 x 11.61<\/p>\n","protected":false},"excerpt":{"rendered":"<p>Figurine d&rsquo;ours en mati\u00e8re synth\u00e9tique recouvert d&rsquo;une feuille d&rsquo;argent. Travail tr\u00e8s fin, poids \u00e9lev\u00e9.<\/p>\n<p>Espagne vers 1960<\/p>\n<p>&nbsp;<\/p>\n<p><strong>Dimensions\u00a0<\/strong><\/p>\n<p><strong>cm<\/strong>\u00a045 x 12,5 x 29,5<\/p>\n<p><strong>inches<\/strong>\u00a017.72 x 4.92 x 11.61<\/p>\n","protected":false},"featured_media":31499,"template":"","meta":{"_editorskit_title_hidden":false,"_editorskit_reading_time":0,"_editorskit_is_block_options_detached":false,"_editorskit_block_options_position":"{}","inline_featured_image":false},"product_brand":[],"product_cat":[464,267],"product_tag":[],"class_list":{"0":"post-31528","1":"product","2":"type-product","3":"status-publish","4":"has-post-thumbnail","6":"product_cat-objets-decoratifs","7":"product_cat-objets-et-accessoires","9":"first","10":"instock","11":"shipping-taxable","12":"purchasable","13":"product-type-simple"},"_links":{"self":[{"href":"https:\/\/www.finsdesiecles-artdeco.com\/fr\/wp-json\/wp\/v2\/product\/31528","targetHints":{"allow":["GET"]}}],"collection":[{"href":"https:\/\/www.finsdesiecles-artdeco.com\/fr\/wp-json\/wp\/v2\/product"}],"about":[{"href":"https:\/\/www.finsdesiecles-artdeco.com\/fr\/wp-json\/wp\/v2\/types\/product"}],"wp:featuredmedia":[{"embeddable":true,"href":"https:\/\/www.finsdesiecles-artdeco.com\/fr\/wp-json\/wp\/v2\/media\/31499"}],"wp:attachment":[{"href":"https:\/\/www.finsdesiecles-artdeco.com\/fr\/wp-json\/wp\/v2\/media?parent=31528"}],"wp:term":[{"taxonomy":"product_brand","embeddable":true,"href":"https:\/\/www.finsdesiecles-artdeco.com\/fr\/wp-json\/wp\/v2\/product_brand?post=31528"},{"taxonomy":"product_cat","embeddable":true,"href":"https:\/\/www.finsdesiecles-artdeco.com\/fr\/wp-json\/wp\/v2\/product_cat?post=31528"},{"taxonomy":"product_tag","embeddable":true,"href":"https:\/\/www.finsdesiecles-artdeco.com\/fr\/wp-json\/wp\/v2\/product_tag?post=31528"}],"curies":[{"name":"wp","href":"https:\/\/api.w.org\/{rel}","templated":true}]}}