{"id":31711,"date":"2024-10-08T13:06:17","date_gmt":"2024-10-08T13:18:08","guid":{"rendered":"https:\/\/www.finsdesiecles-artdeco.com\/?post_type=product&#038;p=31711"},"modified":"2024-10-08T13:18:08","modified_gmt":"2024-10-08T13:18:08","slug":"grand-coq-art-deco-par-jacques-adnet-1932","status":"publish","type":"product","link":"https:\/\/www.finsdesiecles-artdeco.com\/fr\/product\/grand-coq-art-deco-par-jacques-adnet-1932\/","title":{"rendered":"Grand coq Art D\u00e9co par Jacques Adnet &#8211; 1932"},"content":{"rendered":"<p>Jacques Adnet \u00e9tait un designer, architecte et d\u00e9corateur fran\u00e7ais de style Art D\u00e9co. De 1928 \u00e0 1960, il dirige la Compagnie des Arts Fran\u00e7ais. Son \u00e9quipe de d\u00e9corateurs \u00e9tait compos\u00e9e de Fran\u00e7ois Jourdain, Charlotte Perriand et Georges Jouve. Adnet pr\u00e9side le Salon des Artistes D\u00e9corateurs de 1947 \u00e0 1949. Dans les ann\u00e9es 1950, il cr\u00e9e des meubles et se concentre sur les nombreuses commandes qu&rsquo;il re\u00e7oit, comme la d\u00e9coration des appartements priv\u00e9s du Pr\u00e9sident au Palais de l&rsquo;\u00c9lys\u00e9e ou la salle de r\u00e9union du si\u00e8ge de l&rsquo;UNESCO \u00e0 Paris. En 1959, il devient directeur de l&rsquo;\u00c9cole Nationale Sup\u00e9rieure des Arts D\u00e9coratifs \u00e0 Paris jusqu&rsquo;en 1970.<\/p>\n<p>&nbsp;<\/p>\n","protected":false},"excerpt":{"rendered":"<p>Grand mod\u00e8le Art D\u00e9co d&rsquo;un coq, en fa\u00efence \u00e9maill\u00e9e et craquel\u00e9e.<br \/>\nFrance vers 1932<\/p>\n<p>Cr\u00e9ation : Jacques Adnet (1900-1984)<\/p>\n<p>&nbsp;<\/p>\n<p><strong>Dimensions<\/strong><\/p>\n<p><strong>cm<\/strong>\u00a024 x 12 x 34<\/p>\n<p><strong>inches<\/strong>\u00a09.45 x 4.72 x 13.39<\/p>\n","protected":false},"featured_media":31673,"template":"","meta":{"_editorskit_title_hidden":false,"_editorskit_reading_time":0,"_editorskit_is_block_options_detached":false,"_editorskit_block_options_position":"{}","inline_featured_image":false},"product_brand":[],"product_cat":[462,267],"product_tag":[],"class_list":{"0":"post-31711","1":"product","2":"type-product","3":"status-publish","4":"has-post-thumbnail","6":"product_cat-ceramiques","7":"product_cat-objets-et-accessoires","9":"first","10":"instock","11":"shipping-taxable","12":"purchasable","13":"product-type-simple"},"_links":{"self":[{"href":"https:\/\/www.finsdesiecles-artdeco.com\/fr\/wp-json\/wp\/v2\/product\/31711","targetHints":{"allow":["GET"]}}],"collection":[{"href":"https:\/\/www.finsdesiecles-artdeco.com\/fr\/wp-json\/wp\/v2\/product"}],"about":[{"href":"https:\/\/www.finsdesiecles-artdeco.com\/fr\/wp-json\/wp\/v2\/types\/product"}],"wp:featuredmedia":[{"embeddable":true,"href":"https:\/\/www.finsdesiecles-artdeco.com\/fr\/wp-json\/wp\/v2\/media\/31673"}],"wp:attachment":[{"href":"https:\/\/www.finsdesiecles-artdeco.com\/fr\/wp-json\/wp\/v2\/media?parent=31711"}],"wp:term":[{"taxonomy":"product_brand","embeddable":true,"href":"https:\/\/www.finsdesiecles-artdeco.com\/fr\/wp-json\/wp\/v2\/product_brand?post=31711"},{"taxonomy":"product_cat","embeddable":true,"href":"https:\/\/www.finsdesiecles-artdeco.com\/fr\/wp-json\/wp\/v2\/product_cat?post=31711"},{"taxonomy":"product_tag","embeddable":true,"href":"https:\/\/www.finsdesiecles-artdeco.com\/fr\/wp-json\/wp\/v2\/product_tag?post=31711"}],"curies":[{"name":"wp","href":"https:\/\/api.w.org\/{rel}","templated":true}]}}