{"id":31779,"date":"2024-10-14T10:22:01","date_gmt":"2024-10-14T10:27:55","guid":{"rendered":"https:\/\/www.finsdesiecles-artdeco.com\/?post_type=product&#038;p=31779"},"modified":"2024-10-16T07:46:27","modified_gmt":"2024-10-16T07:46:27","slug":"commode-art-deco-barcelone-1930","status":"publish","type":"product","link":"https:\/\/www.finsdesiecles-artdeco.com\/fr\/product\/commode-art-deco-barcelone-1930\/","title":{"rendered":"Commode Art D\u00e9co &#8211; Barcelone 1930"},"content":{"rendered":"<p>Commode Art D\u00e9co &#8211; Barcelone 1930<\/p>\n<p><strong>Dimensions<\/strong><\/p>\n<p><strong>cm<\/strong> 99,5 x 53 (avec poign\u00e9es) x 82<\/p>\n<p><strong>inches<\/strong> 39.17 x 20.87 (avec poign\u00e9es) x 32.28<\/p>\n","protected":false},"excerpt":{"rendered":"<p>Commode Art D\u00e9co de grande qualit\u00e9 en fr\u00eane massif plaqu\u00e9 de ronce de noyer, trois grand tiroirs et trois petits tiroirs, poign\u00e9es en bak\u00e9lite couleur corail, pieds en bois laqu\u00e9 assortis. Entr\u00e9es de serrure et clef en laiton nickel\u00e9. Vernis au tampon.<\/p>\n<p>Espagne, Barcelone vers 1930<\/p>\n<p>&nbsp;<\/p>\n<p><strong>Dimensions<\/strong><\/p>\n<p><strong>cm<\/strong> 99,5 x 53 (avec poign\u00e9es) x 82<\/p>\n<p><strong>inches<\/strong> 39.17 x 20.87 (avec poign\u00e9es) x 32.28<\/p>\n","protected":false},"featured_media":31756,"template":"","meta":{"_editorskit_title_hidden":false,"_editorskit_reading_time":0,"_editorskit_is_block_options_detached":false,"_editorskit_block_options_position":"{}","inline_featured_image":false},"product_brand":[],"product_cat":[415,306],"product_tag":[],"class_list":{"0":"post-31779","1":"product","2":"type-product","3":"status-publish","4":"has-post-thumbnail","6":"product_cat-meubles-de-rangement","7":"product_cat-commodes","9":"first","10":"outofstock","11":"shipping-taxable","12":"product-type-simple"},"_links":{"self":[{"href":"https:\/\/www.finsdesiecles-artdeco.com\/fr\/wp-json\/wp\/v2\/product\/31779","targetHints":{"allow":["GET"]}}],"collection":[{"href":"https:\/\/www.finsdesiecles-artdeco.com\/fr\/wp-json\/wp\/v2\/product"}],"about":[{"href":"https:\/\/www.finsdesiecles-artdeco.com\/fr\/wp-json\/wp\/v2\/types\/product"}],"wp:featuredmedia":[{"embeddable":true,"href":"https:\/\/www.finsdesiecles-artdeco.com\/fr\/wp-json\/wp\/v2\/media\/31756"}],"wp:attachment":[{"href":"https:\/\/www.finsdesiecles-artdeco.com\/fr\/wp-json\/wp\/v2\/media?parent=31779"}],"wp:term":[{"taxonomy":"product_brand","embeddable":true,"href":"https:\/\/www.finsdesiecles-artdeco.com\/fr\/wp-json\/wp\/v2\/product_brand?post=31779"},{"taxonomy":"product_cat","embeddable":true,"href":"https:\/\/www.finsdesiecles-artdeco.com\/fr\/wp-json\/wp\/v2\/product_cat?post=31779"},{"taxonomy":"product_tag","embeddable":true,"href":"https:\/\/www.finsdesiecles-artdeco.com\/fr\/wp-json\/wp\/v2\/product_tag?post=31779"}],"curies":[{"name":"wp","href":"https:\/\/api.w.org\/{rel}","templated":true}]}}