{"id":32380,"date":"2024-10-24T15:04:26","date_gmt":"2024-10-24T15:11:58","guid":{"rendered":"https:\/\/www.finsdesiecles-artdeco.com\/?post_type=product&#038;p=32380"},"modified":"2024-10-24T15:11:59","modified_gmt":"2024-10-24T15:11:59","slug":"table-basse-par-jordi-vilanova-barcelona-1960-2","status":"publish","type":"product","link":"https:\/\/www.finsdesiecles-artdeco.com\/fr\/product\/table-basse-par-jordi-vilanova-barcelona-1960-2\/","title":{"rendered":"Table basse par Jordi Vilanova &#8211; Barcelona 1960"},"content":{"rendered":"<p><strong>Jordi Vilanova i Bosch<\/strong>\u00a0(Barcelone, Espagne, 1925-1998)<\/p>\n<p>Architecte d\u2019int\u00e9rieur et \u00e9b\u00e9niste catalan. Il \u00e9tudia \u00e0 l\u2019Escola del Treball i Oficis Art\u00edstics et \u00e0 La Llotja, et suivit une excellente formation \u00e0 la Casa Busquets et \u00e0 l\u2019atelier de d\u00e9coration de Lluis Gili, jusqu\u2019\u00e0 ce qu\u2019il fonde sa propre entreprise de design d\u2019int\u00e9rieur en 1952. Il \u00e9tait membre du groupe artistique multidisciplinaire La Cantonada (1960-1975). Son mobilier moderne et son approche de l\u2019espace n\u2019\u00e9taient pas compris de la grande majorit\u00e9 \u00e0 laquelle son travail s\u2019adressait, mais c\u2019\u00e9tait une certaine bourgeoisie catalane, d\u00e9sireuse de rompre avec les canons stylistiques \u00e0 l\u2019ancienne, qui l\u2019accueillit. Grand admirateur et expert du design nordique, Vilanova est connu comme l\u2019introducteur en Espagne des meubles en bois blanc, c\u2019est-\u00e0-dire, des meubles sans couleur ni vernis brillant, fonctionnels, simples et raffin\u00e9s. Sa sp\u00e9cialit\u00e9 \u00e9tait le mobilier pour enfants, comme le tabouret Delta qui a remport\u00e9 le Silver Delta Award d\u00e9cern\u00e9 par ADI\/FAD en 1964. D\u2019autres cr\u00e9ations repr\u00e9sentatives sont : les chaises Tiracord et Billar (1961) ; le lit superpos\u00e9 Montseny MP (1961); les fauteuils \u00e0 bascule Tartera (1966) et Petit (1978) et le porte-revues Z (1987), con\u00e7u avec son fils Pau Vilanova. Tous ces meubles sont expos\u00e9s au Mus\u00e9e du Design de Barcelone.<\/p>\n","protected":false},"excerpt":{"rendered":"<p>Table basse en placage de noyer et marqueterie de noyer reposant sur 4 pieds rectangulaires. Vernis au tampon.<\/p>\n<p>Design: Jordi Vilanova i Bosch<\/p>\n<p>Espagne, Barcelone vers 1960<\/p>\n<p>&nbsp;<\/p>\n<p><strong>Dimensions<\/strong><\/p>\n<p><strong>cm<\/strong>\u00a0Diam 110,5 x 40<\/p>\n<p><strong>inches\u00a0<\/strong>\u00a0Diam 43.50 x 15.75<\/p>\n","protected":false},"featured_media":32362,"template":"","meta":{"_editorskit_title_hidden":false,"_editorskit_reading_time":0,"_editorskit_is_block_options_detached":false,"_editorskit_block_options_position":"{}","inline_featured_image":false},"product_brand":[],"product_cat":[256,291],"product_tag":[],"class_list":{"0":"post-32380","1":"product","2":"type-product","3":"status-publish","4":"has-post-thumbnail","6":"product_cat-tables","7":"product_cat-tables-basses","9":"first","10":"outofstock","11":"shipping-taxable","12":"product-type-simple"},"_links":{"self":[{"href":"https:\/\/www.finsdesiecles-artdeco.com\/fr\/wp-json\/wp\/v2\/product\/32380","targetHints":{"allow":["GET"]}}],"collection":[{"href":"https:\/\/www.finsdesiecles-artdeco.com\/fr\/wp-json\/wp\/v2\/product"}],"about":[{"href":"https:\/\/www.finsdesiecles-artdeco.com\/fr\/wp-json\/wp\/v2\/types\/product"}],"wp:featuredmedia":[{"embeddable":true,"href":"https:\/\/www.finsdesiecles-artdeco.com\/fr\/wp-json\/wp\/v2\/media\/32362"}],"wp:attachment":[{"href":"https:\/\/www.finsdesiecles-artdeco.com\/fr\/wp-json\/wp\/v2\/media?parent=32380"}],"wp:term":[{"taxonomy":"product_brand","embeddable":true,"href":"https:\/\/www.finsdesiecles-artdeco.com\/fr\/wp-json\/wp\/v2\/product_brand?post=32380"},{"taxonomy":"product_cat","embeddable":true,"href":"https:\/\/www.finsdesiecles-artdeco.com\/fr\/wp-json\/wp\/v2\/product_cat?post=32380"},{"taxonomy":"product_tag","embeddable":true,"href":"https:\/\/www.finsdesiecles-artdeco.com\/fr\/wp-json\/wp\/v2\/product_tag?post=32380"}],"curies":[{"name":"wp","href":"https:\/\/api.w.org\/{rel}","templated":true}]}}