{"id":32750,"date":"2024-11-21T16:30:30","date_gmt":"2024-11-21T16:39:32","guid":{"rendered":"https:\/\/www.finsdesiecles-artdeco.com\/?post_type=product&#038;p=32750"},"modified":"2024-11-21T16:42:41","modified_gmt":"2024-11-21T16:42:41","slug":"ceramique-deux-poissons-art-deco-par-dejan-france-1930","status":"publish","type":"product","link":"https:\/\/www.finsdesiecles-artdeco.com\/fr\/product\/ceramique-deux-poissons-art-deco-par-dejan-france-1930\/","title":{"rendered":"C\u00e9ramique deux poissons Art D\u00e9co par Dejan &#8211; France 1930"},"content":{"rendered":"<p>C\u00e9ramique deux poissons Art D\u00e9co par Dejan &#8211; France 1930<\/p>\n<p><strong>Dimensions<\/strong><\/p>\n<p><strong>cm<\/strong>\u00a036 x 12 x 35,5<\/p>\n<p><strong>inches<\/strong>\u00a014.17 x 4.72 x 13.98<\/p>\n","protected":false},"excerpt":{"rendered":"<p>C\u00e9ramique Art D\u00e9co craquel\u00e9e vert c\u00e9ladon repr\u00e9sentant deux poissons.<\/p>\n<p>Mod\u00e8le de \u00ab\u00a0Dejan\u00a0\u00bb.<\/p>\n<p>France vers 1930.<\/p>\n<p>&nbsp;<\/p>\n<p><strong>Dimensions<\/strong><\/p>\n<p><strong>cm<\/strong>\u00a036 x 12 x 35,5<\/p>\n<p><strong>inches<\/strong>\u00a014.17 x 4.72 x 13.98<\/p>\n","protected":false},"featured_media":32733,"template":"","meta":{"_editorskit_title_hidden":false,"_editorskit_reading_time":0,"_editorskit_is_block_options_detached":false,"_editorskit_block_options_position":"{}","inline_featured_image":false},"product_brand":[],"product_cat":[462,267],"product_tag":[],"class_list":{"0":"post-32750","1":"product","2":"type-product","3":"status-publish","4":"has-post-thumbnail","6":"product_cat-ceramiques","7":"product_cat-objets-et-accessoires","9":"first","10":"instock","11":"shipping-taxable","12":"purchasable","13":"product-type-simple"},"_links":{"self":[{"href":"https:\/\/www.finsdesiecles-artdeco.com\/fr\/wp-json\/wp\/v2\/product\/32750","targetHints":{"allow":["GET"]}}],"collection":[{"href":"https:\/\/www.finsdesiecles-artdeco.com\/fr\/wp-json\/wp\/v2\/product"}],"about":[{"href":"https:\/\/www.finsdesiecles-artdeco.com\/fr\/wp-json\/wp\/v2\/types\/product"}],"wp:featuredmedia":[{"embeddable":true,"href":"https:\/\/www.finsdesiecles-artdeco.com\/fr\/wp-json\/wp\/v2\/media\/32733"}],"wp:attachment":[{"href":"https:\/\/www.finsdesiecles-artdeco.com\/fr\/wp-json\/wp\/v2\/media?parent=32750"}],"wp:term":[{"taxonomy":"product_brand","embeddable":true,"href":"https:\/\/www.finsdesiecles-artdeco.com\/fr\/wp-json\/wp\/v2\/product_brand?post=32750"},{"taxonomy":"product_cat","embeddable":true,"href":"https:\/\/www.finsdesiecles-artdeco.com\/fr\/wp-json\/wp\/v2\/product_cat?post=32750"},{"taxonomy":"product_tag","embeddable":true,"href":"https:\/\/www.finsdesiecles-artdeco.com\/fr\/wp-json\/wp\/v2\/product_tag?post=32750"}],"curies":[{"name":"wp","href":"https:\/\/api.w.org\/{rel}","templated":true}]}}