{"id":33184,"date":"2024-12-27T11:36:21","date_gmt":"2024-12-27T11:46:37","guid":{"rendered":"https:\/\/www.finsdesiecles-artdeco.com\/?post_type=product&#038;p=33184"},"modified":"2024-12-27T11:46:38","modified_gmt":"2024-12-27T11:46:38","slug":"miroir-biseaute-fontana-arte-italie-1950","status":"publish","type":"product","link":"https:\/\/www.finsdesiecles-artdeco.com\/fr\/product\/miroir-biseaute-fontana-arte-italie-1950\/","title":{"rendered":"Miroir biseaut\u00e9 Fontana Arte &#8211; Italie 1950"},"content":{"rendered":"<p>Miroir biseaut\u00e9 Fontana Arte &#8211; Italie 1950<\/p>\n<p><strong>Dimensions<\/strong><\/p>\n<p><strong>cm<\/strong>\u00a064 x 3 x 91<\/p>\n<p><strong>inches<\/strong>\u00a025.20 x 1.18 x 35.83<\/p>\n","protected":false},"excerpt":{"rendered":"<p>Miroir biseaut\u00e9 entour\u00e9 d&rsquo;un cadre en verre tr\u00e8s \u00e9pais \u00e0 double biseau de couleur orange translucide. Qualit\u00e9 extraordinaire.<\/p>\n<p>Possiblement Fontana Arte.<\/p>\n<p>Italie vers 1950<\/p>\n<p>&nbsp;<\/p>\n<p><strong>Dimensions<\/strong><\/p>\n<p><strong>cm<\/strong>\u00a064 x 3 x 91<\/p>\n<p><strong>inches<\/strong>\u00a025.20 x 1.18 x 35.83<\/p>\n","protected":false},"featured_media":33173,"template":"","meta":{"_editorskit_title_hidden":false,"_editorskit_reading_time":0,"_editorskit_is_block_options_detached":false,"_editorskit_block_options_position":"{}","inline_featured_image":false},"product_brand":[],"product_cat":[454,342],"product_tag":[],"class_list":{"0":"post-33184","1":"product","2":"type-product","3":"status-publish","4":"has-post-thumbnail","6":"product_cat-miroirs-fr","7":"product_cat-miroirs","9":"first","10":"instock","11":"shipping-taxable","12":"purchasable","13":"product-type-simple"},"_links":{"self":[{"href":"https:\/\/www.finsdesiecles-artdeco.com\/fr\/wp-json\/wp\/v2\/product\/33184","targetHints":{"allow":["GET"]}}],"collection":[{"href":"https:\/\/www.finsdesiecles-artdeco.com\/fr\/wp-json\/wp\/v2\/product"}],"about":[{"href":"https:\/\/www.finsdesiecles-artdeco.com\/fr\/wp-json\/wp\/v2\/types\/product"}],"wp:featuredmedia":[{"embeddable":true,"href":"https:\/\/www.finsdesiecles-artdeco.com\/fr\/wp-json\/wp\/v2\/media\/33173"}],"wp:attachment":[{"href":"https:\/\/www.finsdesiecles-artdeco.com\/fr\/wp-json\/wp\/v2\/media?parent=33184"}],"wp:term":[{"taxonomy":"product_brand","embeddable":true,"href":"https:\/\/www.finsdesiecles-artdeco.com\/fr\/wp-json\/wp\/v2\/product_brand?post=33184"},{"taxonomy":"product_cat","embeddable":true,"href":"https:\/\/www.finsdesiecles-artdeco.com\/fr\/wp-json\/wp\/v2\/product_cat?post=33184"},{"taxonomy":"product_tag","embeddable":true,"href":"https:\/\/www.finsdesiecles-artdeco.com\/fr\/wp-json\/wp\/v2\/product_tag?post=33184"}],"curies":[{"name":"wp","href":"https:\/\/api.w.org\/{rel}","templated":true}]}}