{"id":3333,"date":"2015-09-29T11:30:34","date_gmt":"2015-09-29T11:30:34","guid":{"rendered":"https:\/\/www.finsdesiecles-artdeco.com\/?product=fauteuils"},"modified":"2022-08-08T11:02:07","modified_gmt":"2022-08-08T11:02:07","slug":"paire-de-fauteuils-cubistes-des-annees-60","status":"publish","type":"product","link":"https:\/\/www.finsdesiecles-artdeco.com\/fr\/product\/paire-de-fauteuils-cubistes-des-annees-60\/","title":{"rendered":"Paire de fauteuils cubistes &#8211; Italie 1960"},"content":{"rendered":"<p>Paire de fauteuils cubistes enti\u00e8rement restaur\u00e9s,\u00a0tapiss\u00e9s de coton jaune reposants sur un pi\u00e8tement en fer battu laqu\u00e9 noir.<\/p>\n<p>Italie c. 1960.<\/p>\n<p><strong>Dimensions<\/strong><\/p>\n<p><strong>cm<\/strong>\u00a085 x 85 x 85<\/p>\n<p><strong>inches\u00a0<\/strong>33.46 x 33.46 x 33.46<\/p>\n","protected":false},"excerpt":{"rendered":"<p>Paire de fauteuils cubistes enti\u00e8rement restaur\u00e9s,\u00a0tapiss\u00e9s de coton jaune reposants sur un pi\u00e8tement en fer battu laqu\u00e9 noir.<\/p>\n<p>Italie c. 1960.<\/p>\n<p>&nbsp;<\/p>\n<p><strong>cm<\/strong>\u00a085 x 85 x 85<\/p>\n<p><strong>inches\u00a0<\/strong>33.46 x 33.46 x 33.46<\/p>\n","protected":false},"featured_media":3324,"template":"","meta":{"_editorskit_title_hidden":false,"_editorskit_reading_time":0,"_editorskit_is_block_options_detached":false,"_editorskit_block_options_position":"{}","inline_featured_image":false},"product_brand":[],"product_cat":[250,251],"product_tag":[],"class_list":{"0":"post-3333","1":"product","2":"type-product","3":"status-publish","4":"has-post-thumbnail","6":"product_cat-sieges","7":"product_cat-fauteuils","9":"first","10":"instock","11":"purchasable","12":"product-type-simple"},"_links":{"self":[{"href":"https:\/\/www.finsdesiecles-artdeco.com\/fr\/wp-json\/wp\/v2\/product\/3333","targetHints":{"allow":["GET"]}}],"collection":[{"href":"https:\/\/www.finsdesiecles-artdeco.com\/fr\/wp-json\/wp\/v2\/product"}],"about":[{"href":"https:\/\/www.finsdesiecles-artdeco.com\/fr\/wp-json\/wp\/v2\/types\/product"}],"wp:featuredmedia":[{"embeddable":true,"href":"https:\/\/www.finsdesiecles-artdeco.com\/fr\/wp-json\/wp\/v2\/media\/3324"}],"wp:attachment":[{"href":"https:\/\/www.finsdesiecles-artdeco.com\/fr\/wp-json\/wp\/v2\/media?parent=3333"}],"wp:term":[{"taxonomy":"product_brand","embeddable":true,"href":"https:\/\/www.finsdesiecles-artdeco.com\/fr\/wp-json\/wp\/v2\/product_brand?post=3333"},{"taxonomy":"product_cat","embeddable":true,"href":"https:\/\/www.finsdesiecles-artdeco.com\/fr\/wp-json\/wp\/v2\/product_cat?post=3333"},{"taxonomy":"product_tag","embeddable":true,"href":"https:\/\/www.finsdesiecles-artdeco.com\/fr\/wp-json\/wp\/v2\/product_tag?post=3333"}],"curies":[{"name":"wp","href":"https:\/\/api.w.org\/{rel}","templated":true}]}}