{"id":33353,"date":"2025-01-04T15:27:47","date_gmt":"2025-01-04T15:40:31","guid":{"rendered":"https:\/\/www.finsdesiecles-artdeco.com\/?post_type=product&#038;p=33353"},"modified":"2026-02-28T16:29:43","modified_gmt":"2026-02-28T16:29:43","slug":"meuble-a-etageres-reglables-en-hauteur-italie-1950","status":"publish","type":"product","link":"https:\/\/www.finsdesiecles-artdeco.com\/fr\/product\/meuble-a-etageres-reglables-en-hauteur-italie-1950\/","title":{"rendered":"Meuble \u00e0 \u00e9tag\u00e9res r\u00e9glables en hauteur &#8211; Italie 1950"},"content":{"rendered":"<p>Meuble \u00e0 \u00e9tag\u00e9res r\u00e9glables en hauteur &#8211; Italie 1950<\/p>\n<p><strong>Dimensions<\/strong><\/p>\n<p><strong>cm<\/strong>\u00a0108,5 x 32\/40 x 170,5<\/p>\n<p><strong>inches<\/strong>\u00a042.72 x 12.60\/15.75 x 67.13<\/p>\n","protected":false},"excerpt":{"rendered":"<p>Meuble \u00e0 \u00e9tag\u00e9res r\u00e9glables en hauteur en fr\u00eane et placage de fr\u00eane, ajour\u00e9 sur les c\u00f4t\u00e9s, tr\u00e9s belle qualit\u00e9. Vernis au tampon.<\/p>\n<p>Italie vers 1950<\/p>\n<p>&nbsp;<\/p>\n<p><strong>Dimensions<\/strong><\/p>\n<p><strong>cm<\/strong>\u00a0108,5 x 32\/40 x 170,5<\/p>\n<p><strong>inches<\/strong>\u00a042.72 x 12.60\/15.75 x 67.13<\/p>\n","protected":false},"featured_media":33332,"template":"","meta":{"_editorskit_title_hidden":false,"_editorskit_reading_time":0,"_editorskit_is_block_options_detached":false,"_editorskit_block_options_position":"{}","inline_featured_image":false},"product_brand":[],"product_cat":[415,444,276,300],"product_tag":[],"class_list":{"0":"post-33353","1":"product","2":"type-product","3":"status-publish","4":"has-post-thumbnail","6":"product_cat-meubles-de-rangement","7":"product_cat-etageres","8":"product_cat-auxiliaires","9":"product_cat-bibliotheques","11":"first","12":"instock","13":"shipping-taxable","14":"purchasable","15":"product-type-simple"},"_links":{"self":[{"href":"https:\/\/www.finsdesiecles-artdeco.com\/fr\/wp-json\/wp\/v2\/product\/33353","targetHints":{"allow":["GET"]}}],"collection":[{"href":"https:\/\/www.finsdesiecles-artdeco.com\/fr\/wp-json\/wp\/v2\/product"}],"about":[{"href":"https:\/\/www.finsdesiecles-artdeco.com\/fr\/wp-json\/wp\/v2\/types\/product"}],"wp:featuredmedia":[{"embeddable":true,"href":"https:\/\/www.finsdesiecles-artdeco.com\/fr\/wp-json\/wp\/v2\/media\/33332"}],"wp:attachment":[{"href":"https:\/\/www.finsdesiecles-artdeco.com\/fr\/wp-json\/wp\/v2\/media?parent=33353"}],"wp:term":[{"taxonomy":"product_brand","embeddable":true,"href":"https:\/\/www.finsdesiecles-artdeco.com\/fr\/wp-json\/wp\/v2\/product_brand?post=33353"},{"taxonomy":"product_cat","embeddable":true,"href":"https:\/\/www.finsdesiecles-artdeco.com\/fr\/wp-json\/wp\/v2\/product_cat?post=33353"},{"taxonomy":"product_tag","embeddable":true,"href":"https:\/\/www.finsdesiecles-artdeco.com\/fr\/wp-json\/wp\/v2\/product_tag?post=33353"}],"curies":[{"name":"wp","href":"https:\/\/api.w.org\/{rel}","templated":true}]}}