{"id":3366,"date":"2015-12-14T17:32:11","date_gmt":"2015-12-14T17:32:11","guid":{"rendered":"https:\/\/www.finsdesiecles-artdeco.com\/?product=desserte"},"modified":"2023-08-21T10:13:20","modified_gmt":"2023-08-21T10:13:20","slug":"gueridon-2","status":"publish","type":"product","link":"https:\/\/www.finsdesiecles-artdeco.com\/fr\/product\/gueridon-2\/","title":{"rendered":"Desserte Art Nouveau &#8211; France 1900"},"content":{"rendered":"<p>Desserte Art Nouveau &#8211; France 1900<\/p>\n<hr \/>\n<p><b>Dimensions<\/b><\/p>\n<ul>\n<li><b>cm:<\/b> 100 x 46 x 70<\/li>\n<li><b>inches:<\/b> 39.37 x 18.11 x 27.56<\/li>\n<\/ul>\n","protected":false},"excerpt":{"rendered":"<p>Rare desserte Art Nouveau en bois de rose massif et plaqu\u00e9, plateau amovible, poign\u00e9es en cuivre argent\u00e9, vernis au tampon.<\/p>\n<p>France vers 1900.<\/p>\n<p><b>Dimensions<\/b><\/p>\n<ul>\n<li><b>cm:<\/b> 100 x 46 x 70<\/li>\n<li><b>inches:<\/b> 39.37 x 18.11 x 27.56<\/li>\n<\/ul>\n","protected":false},"featured_media":3356,"template":"","meta":{"_editorskit_title_hidden":false,"_editorskit_reading_time":0,"_editorskit_is_block_options_detached":false,"_editorskit_block_options_position":"{}","inline_featured_image":false},"product_brand":[],"product_cat":[256,257,276,321],"product_tag":[],"class_list":{"0":"post-3366","1":"product","2":"type-product","3":"status-publish","4":"has-post-thumbnail","6":"product_cat-tables","7":"product_cat-gueridons","8":"product_cat-auxiliaires","9":"product_cat-dessertes","11":"first","12":"instock","13":"purchasable","14":"product-type-simple"},"_links":{"self":[{"href":"https:\/\/www.finsdesiecles-artdeco.com\/fr\/wp-json\/wp\/v2\/product\/3366","targetHints":{"allow":["GET"]}}],"collection":[{"href":"https:\/\/www.finsdesiecles-artdeco.com\/fr\/wp-json\/wp\/v2\/product"}],"about":[{"href":"https:\/\/www.finsdesiecles-artdeco.com\/fr\/wp-json\/wp\/v2\/types\/product"}],"wp:featuredmedia":[{"embeddable":true,"href":"https:\/\/www.finsdesiecles-artdeco.com\/fr\/wp-json\/wp\/v2\/media\/3356"}],"wp:attachment":[{"href":"https:\/\/www.finsdesiecles-artdeco.com\/fr\/wp-json\/wp\/v2\/media?parent=3366"}],"wp:term":[{"taxonomy":"product_brand","embeddable":true,"href":"https:\/\/www.finsdesiecles-artdeco.com\/fr\/wp-json\/wp\/v2\/product_brand?post=3366"},{"taxonomy":"product_cat","embeddable":true,"href":"https:\/\/www.finsdesiecles-artdeco.com\/fr\/wp-json\/wp\/v2\/product_cat?post=3366"},{"taxonomy":"product_tag","embeddable":true,"href":"https:\/\/www.finsdesiecles-artdeco.com\/fr\/wp-json\/wp\/v2\/product_tag?post=3366"}],"curies":[{"name":"wp","href":"https:\/\/api.w.org\/{rel}","templated":true}]}}