{"id":33837,"date":"2025-02-13T11:23:58","date_gmt":"2025-02-13T11:32:00","guid":{"rendered":"https:\/\/www.finsdesiecles-artdeco.com\/?post_type=product&#038;p=33837"},"modified":"2025-02-13T11:44:20","modified_gmt":"2025-02-13T11:44:20","slug":"gueridon-art-deco-barcelone-1930","status":"publish","type":"product","link":"https:\/\/www.finsdesiecles-artdeco.com\/fr\/product\/gueridon-art-deco-barcelone-1930\/","title":{"rendered":"Gu\u00e9ridon Art D\u00e9co &#8211; Barcelone 1930"},"content":{"rendered":"<p>Gu\u00e9ridon Art D\u00e9co &#8211; Barcelone 1930<\/p>\n<p><strong>Dimensions<\/strong><\/p>\n<p><strong>cm<\/strong> Diam inf\u00e9rieur 78 (avec pieds) \/ Diam sup\u00e9rieur 55 x 61,5<\/p>\n<p><strong>inches<\/strong> Diam inf\u00e9rieur 30.71 (avec pieds) \/ Diam sup\u00e9rieur 21.65 x 24.21<\/p>\n","protected":false},"excerpt":{"rendered":"<p>Gu\u00e9ridon ou table d\u00b4appoint Art D\u00e9co \u00e0 deux niveaux en acajou massif teint\u00e9 et verni au tampon.<\/p>\n<p>Espagne, Barcelone vers 1930<\/p>\n<p>&nbsp;<\/p>\n<p><strong>Dimensions<\/strong><\/p>\n<p><strong>cm<\/strong> Diam inf\u00e9rieur 78 (avec pieds) \/ Diam sup\u00e9rieur 55 x 61,5<\/p>\n<p><strong>inches<\/strong> Diam inf\u00e9rieur 30.71 (avec pieds) \/ Diam sup\u00e9rieur 21.65 x 24.21<\/p>\n","protected":false},"featured_media":33823,"template":"","meta":{"_editorskit_title_hidden":false,"_editorskit_reading_time":0,"_editorskit_is_block_options_detached":false,"_editorskit_block_options_position":"{}","inline_featured_image":false},"product_brand":[],"product_cat":[256,257],"product_tag":[],"class_list":{"0":"post-33837","1":"product","2":"type-product","3":"status-publish","4":"has-post-thumbnail","6":"product_cat-tables","7":"product_cat-gueridons","9":"first","10":"instock","11":"shipping-taxable","12":"purchasable","13":"product-type-simple"},"_links":{"self":[{"href":"https:\/\/www.finsdesiecles-artdeco.com\/fr\/wp-json\/wp\/v2\/product\/33837","targetHints":{"allow":["GET"]}}],"collection":[{"href":"https:\/\/www.finsdesiecles-artdeco.com\/fr\/wp-json\/wp\/v2\/product"}],"about":[{"href":"https:\/\/www.finsdesiecles-artdeco.com\/fr\/wp-json\/wp\/v2\/types\/product"}],"wp:featuredmedia":[{"embeddable":true,"href":"https:\/\/www.finsdesiecles-artdeco.com\/fr\/wp-json\/wp\/v2\/media\/33823"}],"wp:attachment":[{"href":"https:\/\/www.finsdesiecles-artdeco.com\/fr\/wp-json\/wp\/v2\/media?parent=33837"}],"wp:term":[{"taxonomy":"product_brand","embeddable":true,"href":"https:\/\/www.finsdesiecles-artdeco.com\/fr\/wp-json\/wp\/v2\/product_brand?post=33837"},{"taxonomy":"product_cat","embeddable":true,"href":"https:\/\/www.finsdesiecles-artdeco.com\/fr\/wp-json\/wp\/v2\/product_cat?post=33837"},{"taxonomy":"product_tag","embeddable":true,"href":"https:\/\/www.finsdesiecles-artdeco.com\/fr\/wp-json\/wp\/v2\/product_tag?post=33837"}],"curies":[{"name":"wp","href":"https:\/\/api.w.org\/{rel}","templated":true}]}}