{"id":3435,"date":"2016-03-14T12:18:52","date_gmt":"2016-03-14T12:18:52","guid":{"rendered":"https:\/\/www.finsdesiecles-artdeco.com\/?product=gueridon"},"modified":"2022-10-29T10:47:01","modified_gmt":"2022-10-29T10:47:01","slug":"table-a-the-par-jacob-et-josef-kohn","status":"publish","type":"product","link":"https:\/\/www.finsdesiecles-artdeco.com\/fr\/product\/table-a-the-par-jacob-et-josef-kohn\/","title":{"rendered":"Table \u00e0 th\u00e9 par Jacob et Josef Kohn"},"content":{"rendered":"<p>Table \u00e0 th\u00e9 par Jacob et Josef Kohn<\/p>\n<hr \/>\n<p><b>Dimensions<\/b><\/p>\n<ul>\n<li><b>cm:<\/b> 85 x 54 x 78<\/li>\n<li><b>inches:<\/b> 33.46 x 21.26 x 30.71<\/li>\n<\/ul>\n","protected":false},"excerpt":{"rendered":"<p>Table \u00e0 th\u00e9 ou \u00e0 jeux en h\u00eatre teint\u00e9 et vernis au tampon, sabots en aluminium poli, plateau recouvert de tissu greige prot\u00e9g\u00e9 par un verre \u00e9pais.<\/p>\n<p><span style=\"color: #333300;\">Editeur: Jacob et Josef Kohn (<span style=\"color: #333300;\">etiquette)<\/span><\/span><\/p>\n<p><span style=\"color: #333300;\"><span style=\"color: #333300;\">Autriche, Vienne vers 1900<\/span><\/span><\/p>\n<p><b>Dimensions<\/b><\/p>\n<ul>\n<li><b>cm:<\/b> 85 x 54 x 78<\/li>\n<li><b>inches:<\/b> 33.46 x 21.26 x 30.71<\/li>\n<\/ul>\n","protected":false},"featured_media":3426,"template":"","meta":{"_editorskit_title_hidden":false,"_editorskit_reading_time":0,"_editorskit_is_block_options_detached":false,"_editorskit_block_options_position":"{}","inline_featured_image":false},"product_brand":[],"product_cat":[256,257,336],"product_tag":[],"class_list":{"0":"post-3435","1":"product","2":"type-product","3":"status-publish","4":"has-post-thumbnail","6":"product_cat-tables","7":"product_cat-gueridons","8":"product_cat-tables-a-jeux","10":"first","11":"instock","12":"purchasable","13":"product-type-simple"},"_links":{"self":[{"href":"https:\/\/www.finsdesiecles-artdeco.com\/fr\/wp-json\/wp\/v2\/product\/3435","targetHints":{"allow":["GET"]}}],"collection":[{"href":"https:\/\/www.finsdesiecles-artdeco.com\/fr\/wp-json\/wp\/v2\/product"}],"about":[{"href":"https:\/\/www.finsdesiecles-artdeco.com\/fr\/wp-json\/wp\/v2\/types\/product"}],"wp:featuredmedia":[{"embeddable":true,"href":"https:\/\/www.finsdesiecles-artdeco.com\/fr\/wp-json\/wp\/v2\/media\/3426"}],"wp:attachment":[{"href":"https:\/\/www.finsdesiecles-artdeco.com\/fr\/wp-json\/wp\/v2\/media?parent=3435"}],"wp:term":[{"taxonomy":"product_brand","embeddable":true,"href":"https:\/\/www.finsdesiecles-artdeco.com\/fr\/wp-json\/wp\/v2\/product_brand?post=3435"},{"taxonomy":"product_cat","embeddable":true,"href":"https:\/\/www.finsdesiecles-artdeco.com\/fr\/wp-json\/wp\/v2\/product_cat?post=3435"},{"taxonomy":"product_tag","embeddable":true,"href":"https:\/\/www.finsdesiecles-artdeco.com\/fr\/wp-json\/wp\/v2\/product_tag?post=3435"}],"curies":[{"name":"wp","href":"https:\/\/api.w.org\/{rel}","templated":true}]}}