{"id":34753,"date":"2025-04-04T11:23:12","date_gmt":"2025-04-04T11:39:17","guid":{"rendered":"https:\/\/www.finsdesiecles-artdeco.com\/?post_type=product&#038;p=34753"},"modified":"2025-04-04T11:39:17","modified_gmt":"2025-04-04T11:39:17","slug":"paire-de-vitrines-art-deco-tchecoslovaquie-1930","status":"publish","type":"product","link":"https:\/\/www.finsdesiecles-artdeco.com\/fr\/product\/paire-de-vitrines-art-deco-tchecoslovaquie-1930\/","title":{"rendered":"Paire de vitrines Art D\u00e9co &#8211;  Tch\u00e9coslovaquie 1930"},"content":{"rendered":"<p>Paire de vitrines Art D\u00e9co &#8211; Tch\u00e9coslovaquie 1930<\/p>\n<p><strong>Dimensions<\/strong><\/p>\n<p><strong>cm<\/strong>\u00a090\/109 (base) x 43\/51 (base) x 173<\/p>\n<p><strong>inches<\/strong>\u00a035.43\/42.91 (base) x 16.93\/20.08 x 68.11<\/p>\n","protected":false},"excerpt":{"rendered":"<p>Rare paire de vitrines Art D\u00e9co, noyer massif et placage de noyer, int\u00e9rieurs, socles et pieds arrondis teint\u00e9s \u00ab\u00a0chocolat noir\u00a0\u00bb. Portes lat\u00e9rales. Vernis au tampon.<\/p>\n<p>Tch\u00e9coslovaquie vers 1930<\/p>\n<p>&nbsp;<\/p>\n<p><strong>Dimensions<\/strong><\/p>\n<p><strong>cm<\/strong>\u00a090\/109 (base) x 43\/51 (base) x 173<\/p>\n<p><strong>inches<\/strong>\u00a035.43\/42.91 (base) x 16.93\/20.08 x 68.11<\/p>\n","protected":false},"featured_media":34733,"template":"","meta":{"_editorskit_title_hidden":false,"_editorskit_reading_time":0,"_editorskit_is_block_options_detached":false,"_editorskit_block_options_position":"{}","inline_featured_image":false},"product_brand":[],"product_cat":[276,450],"product_tag":[],"class_list":{"0":"post-34753","1":"product","2":"type-product","3":"status-publish","4":"has-post-thumbnail","6":"product_cat-auxiliaires","7":"product_cat-vitrines-fr","9":"first","10":"instock","11":"shipping-taxable","12":"purchasable","13":"product-type-simple"},"_links":{"self":[{"href":"https:\/\/www.finsdesiecles-artdeco.com\/fr\/wp-json\/wp\/v2\/product\/34753","targetHints":{"allow":["GET"]}}],"collection":[{"href":"https:\/\/www.finsdesiecles-artdeco.com\/fr\/wp-json\/wp\/v2\/product"}],"about":[{"href":"https:\/\/www.finsdesiecles-artdeco.com\/fr\/wp-json\/wp\/v2\/types\/product"}],"wp:featuredmedia":[{"embeddable":true,"href":"https:\/\/www.finsdesiecles-artdeco.com\/fr\/wp-json\/wp\/v2\/media\/34733"}],"wp:attachment":[{"href":"https:\/\/www.finsdesiecles-artdeco.com\/fr\/wp-json\/wp\/v2\/media?parent=34753"}],"wp:term":[{"taxonomy":"product_brand","embeddable":true,"href":"https:\/\/www.finsdesiecles-artdeco.com\/fr\/wp-json\/wp\/v2\/product_brand?post=34753"},{"taxonomy":"product_cat","embeddable":true,"href":"https:\/\/www.finsdesiecles-artdeco.com\/fr\/wp-json\/wp\/v2\/product_cat?post=34753"},{"taxonomy":"product_tag","embeddable":true,"href":"https:\/\/www.finsdesiecles-artdeco.com\/fr\/wp-json\/wp\/v2\/product_tag?post=34753"}],"curies":[{"name":"wp","href":"https:\/\/api.w.org\/{rel}","templated":true}]}}