{"id":35056,"date":"2025-05-05T12:23:39","date_gmt":"2025-05-05T12:31:50","guid":{"rendered":"https:\/\/www.finsdesiecles-artdeco.com\/?post_type=product&#038;p=35056"},"modified":"2025-05-05T12:31:51","modified_gmt":"2025-05-05T12:31:51","slug":"grande-commode-pantalonniere-art-deco-france-1925","status":"publish","type":"product","link":"https:\/\/www.finsdesiecles-artdeco.com\/fr\/product\/grande-commode-pantalonniere-art-deco-france-1925\/","title":{"rendered":"Grande commode pantalonni\u00e8re Art D\u00e9co &#8211; France 1925"},"content":{"rendered":"<p>Grande commode pantalonni\u00e8re Art D\u00e9co &#8211; France 1925<\/p>\n<p><strong>Dimensions<\/strong><\/p>\n<p><strong>cm<\/strong> 185,5 x 45 (+3,5 handles) x 95,5<\/p>\n<p><strong>inches<\/strong>\u00a073.03 x 17.72 (+1.38 handles) x 37.60<\/p>\n","protected":false},"excerpt":{"rendered":"<p>Grande commode pantalonni\u00e8re, acajou et \u00e9rable massif plaqu\u00e9 d&rsquo;\u00e9rable mouchet\u00e9, 6 tiroirs et 2 portes ouvrant sur un int\u00e9rieur en acajou, poign\u00e9es en bronze nickel\u00e9, vernis au tampon. Meuble de tr\u00e8s grande qualit\u00e9.<\/p>\n<p>France vers 1925<\/p>\n<p>&nbsp;<\/p>\n<p><strong>Dimensions<\/strong><\/p>\n<p><strong>cm<\/strong> 185,5 x 45 (+3,5 handles) x 95,5<\/p>\n<p><strong>inches<\/strong>\u00a073.03 x 17.72 (+1.38 handles) x 37.60<\/p>\n","protected":false},"featured_media":35021,"template":"","meta":{"_editorskit_title_hidden":false,"_editorskit_reading_time":0,"_editorskit_is_block_options_detached":false,"_editorskit_block_options_position":"{}","inline_featured_image":false},"product_brand":[],"product_cat":[415,306],"product_tag":[],"class_list":{"0":"post-35056","1":"product","2":"type-product","3":"status-publish","4":"has-post-thumbnail","6":"product_cat-meubles-de-rangement","7":"product_cat-commodes","9":"first","10":"instock","11":"shipping-taxable","12":"purchasable","13":"product-type-simple"},"_links":{"self":[{"href":"https:\/\/www.finsdesiecles-artdeco.com\/fr\/wp-json\/wp\/v2\/product\/35056","targetHints":{"allow":["GET"]}}],"collection":[{"href":"https:\/\/www.finsdesiecles-artdeco.com\/fr\/wp-json\/wp\/v2\/product"}],"about":[{"href":"https:\/\/www.finsdesiecles-artdeco.com\/fr\/wp-json\/wp\/v2\/types\/product"}],"wp:featuredmedia":[{"embeddable":true,"href":"https:\/\/www.finsdesiecles-artdeco.com\/fr\/wp-json\/wp\/v2\/media\/35021"}],"wp:attachment":[{"href":"https:\/\/www.finsdesiecles-artdeco.com\/fr\/wp-json\/wp\/v2\/media?parent=35056"}],"wp:term":[{"taxonomy":"product_brand","embeddable":true,"href":"https:\/\/www.finsdesiecles-artdeco.com\/fr\/wp-json\/wp\/v2\/product_brand?post=35056"},{"taxonomy":"product_cat","embeddable":true,"href":"https:\/\/www.finsdesiecles-artdeco.com\/fr\/wp-json\/wp\/v2\/product_cat?post=35056"},{"taxonomy":"product_tag","embeddable":true,"href":"https:\/\/www.finsdesiecles-artdeco.com\/fr\/wp-json\/wp\/v2\/product_tag?post=35056"}],"curies":[{"name":"wp","href":"https:\/\/api.w.org\/{rel}","templated":true}]}}