{"id":35199,"date":"2025-05-12T14:04:31","date_gmt":"2025-05-12T14:11:02","guid":{"rendered":"https:\/\/www.finsdesiecles-artdeco.com\/?post_type=product&#038;p=35199"},"modified":"2026-02-28T16:45:57","modified_gmt":"2026-02-28T16:45:57","slug":"banc-par-joaquin-belsa-aldea-barcelone-1970","status":"publish","type":"product","link":"https:\/\/www.finsdesiecles-artdeco.com\/fr\/product\/banc-par-joaquin-belsa-aldea-barcelone-1970\/","title":{"rendered":"Banc par Joaqu\u00edn Belsa Aldea &#8211; Barcelone 1970"},"content":{"rendered":"<p>Banc par Joaqu\u00edn Belsa Aldea &#8211; Barcelone 1970<\/p>\n<p><strong>Dimensions<\/strong><\/p>\n<p><strong>cm<\/strong> 120 x 48 x 77,5 \/38,5 (assise)<\/p>\n<p><strong>inches<\/strong> 47.24 x 18.90 x 30.51 \/ 15.16 (assise)<\/p>\n","protected":false},"excerpt":{"rendered":"<p>Banc en h\u00eatre massif, finition cir\u00e9e, assise en osier tress\u00e9 refaite \u00e0 neuf.<\/p>\n<p>Mod\u00e8le 214<\/p>\n<p>Design de Joaqu\u00edn Belsa Aldea<\/p>\n<p>Espagne, Barcelone vers 1970<\/p>\n<p>&nbsp;<\/p>\n<p><strong>Dimensions<\/strong><\/p>\n<p><strong>cm<\/strong> 120 x 48 x 77,5 \/38,5 (assise)<\/p>\n<p><strong>inches<\/strong> 47.24 x 18.90 x 30.51 \/ 15.16 (assise)<\/p>\n<p>&nbsp;<\/p>\n<p>&nbsp;<\/p>\n","protected":false},"featured_media":35179,"template":"","meta":{"_editorskit_title_hidden":false,"_editorskit_reading_time":0,"_editorskit_is_block_options_detached":false,"_editorskit_block_options_position":"{}","inline_featured_image":false},"product_brand":[],"product_cat":[250,285],"product_tag":[],"class_list":{"0":"post-35199","1":"product","2":"type-product","3":"status-publish","4":"has-post-thumbnail","6":"product_cat-sieges","7":"product_cat-bancs-et-banquettes","9":"first","10":"instock","11":"shipping-taxable","12":"purchasable","13":"product-type-simple"},"_links":{"self":[{"href":"https:\/\/www.finsdesiecles-artdeco.com\/fr\/wp-json\/wp\/v2\/product\/35199","targetHints":{"allow":["GET"]}}],"collection":[{"href":"https:\/\/www.finsdesiecles-artdeco.com\/fr\/wp-json\/wp\/v2\/product"}],"about":[{"href":"https:\/\/www.finsdesiecles-artdeco.com\/fr\/wp-json\/wp\/v2\/types\/product"}],"wp:featuredmedia":[{"embeddable":true,"href":"https:\/\/www.finsdesiecles-artdeco.com\/fr\/wp-json\/wp\/v2\/media\/35179"}],"wp:attachment":[{"href":"https:\/\/www.finsdesiecles-artdeco.com\/fr\/wp-json\/wp\/v2\/media?parent=35199"}],"wp:term":[{"taxonomy":"product_brand","embeddable":true,"href":"https:\/\/www.finsdesiecles-artdeco.com\/fr\/wp-json\/wp\/v2\/product_brand?post=35199"},{"taxonomy":"product_cat","embeddable":true,"href":"https:\/\/www.finsdesiecles-artdeco.com\/fr\/wp-json\/wp\/v2\/product_cat?post=35199"},{"taxonomy":"product_tag","embeddable":true,"href":"https:\/\/www.finsdesiecles-artdeco.com\/fr\/wp-json\/wp\/v2\/product_tag?post=35199"}],"curies":[{"name":"wp","href":"https:\/\/api.w.org\/{rel}","templated":true}]}}