{"id":35276,"date":"2025-05-13T17:14:41","date_gmt":"2025-05-13T17:24:57","guid":{"rendered":"https:\/\/www.finsdesiecles-artdeco.com\/?post_type=product&#038;p=35276"},"modified":"2025-05-13T17:24:58","modified_gmt":"2025-05-13T17:24:58","slug":"fausse-paire-de-gros-chevets-par-jordi-vilanova-1970","status":"publish","type":"product","link":"https:\/\/www.finsdesiecles-artdeco.com\/fr\/product\/fausse-paire-de-gros-chevets-par-jordi-vilanova-1970\/","title":{"rendered":"Fausse paire de gros chevets par Jordi Vilanova &#8211; 1970"},"content":{"rendered":"<p>Fausse paire de gros chevets par Jordi Vilanova &#8211; 1970<\/p>\n<p><strong>Dimensions\u00a0<\/strong><\/p>\n<p><strong>cm<\/strong> 75 x 36,5 + 2,5 (poign\u00e9es) x 46<\/p>\n<p><strong>inches<\/strong> 29.53 x 17.37 + 0.98 (poign\u00e9es) x 18.11<\/p>\n","protected":false},"excerpt":{"rendered":"<p>Fausse paire de gros chevets ou meubles d&rsquo;appoint en pin \u00e0 4 faces. Poign\u00e9es en cuir. Finition cir\u00e9e. Tr\u00e8s belle qualit\u00e9.<\/p>\n<p>Design: Jordi Vilanova<\/p>\n<p>Espagne, Barcelone vers 1970.<\/p>\n<p>&nbsp;<\/p>\n<p><strong>Dimensions\u00a0<\/strong><\/p>\n<p><strong>cm<\/strong> 75 x 36,5 + 2,5 (poign\u00e9es) x 46<\/p>\n<p><strong>inches<\/strong> 29.53 x 17.37 + 0.98 (poign\u00e9es) x 18.11<\/p>\n","protected":false},"featured_media":35207,"template":"","meta":{"_editorskit_title_hidden":false,"_editorskit_reading_time":0,"_editorskit_is_block_options_detached":false,"_editorskit_block_options_position":"{}","inline_featured_image":false},"product_brand":[],"product_cat":[415,270,312],"product_tag":[],"class_list":{"0":"post-35276","1":"product","2":"type-product","3":"status-publish","4":"has-post-thumbnail","6":"product_cat-meubles-de-rangement","7":"product_cat-chambres-a-coucher","8":"product_cat-tables-de-nuit","10":"first","11":"outofstock","12":"shipping-taxable","13":"product-type-simple"},"_links":{"self":[{"href":"https:\/\/www.finsdesiecles-artdeco.com\/fr\/wp-json\/wp\/v2\/product\/35276","targetHints":{"allow":["GET"]}}],"collection":[{"href":"https:\/\/www.finsdesiecles-artdeco.com\/fr\/wp-json\/wp\/v2\/product"}],"about":[{"href":"https:\/\/www.finsdesiecles-artdeco.com\/fr\/wp-json\/wp\/v2\/types\/product"}],"wp:featuredmedia":[{"embeddable":true,"href":"https:\/\/www.finsdesiecles-artdeco.com\/fr\/wp-json\/wp\/v2\/media\/35207"}],"wp:attachment":[{"href":"https:\/\/www.finsdesiecles-artdeco.com\/fr\/wp-json\/wp\/v2\/media?parent=35276"}],"wp:term":[{"taxonomy":"product_brand","embeddable":true,"href":"https:\/\/www.finsdesiecles-artdeco.com\/fr\/wp-json\/wp\/v2\/product_brand?post=35276"},{"taxonomy":"product_cat","embeddable":true,"href":"https:\/\/www.finsdesiecles-artdeco.com\/fr\/wp-json\/wp\/v2\/product_cat?post=35276"},{"taxonomy":"product_tag","embeddable":true,"href":"https:\/\/www.finsdesiecles-artdeco.com\/fr\/wp-json\/wp\/v2\/product_tag?post=35276"}],"curies":[{"name":"wp","href":"https:\/\/api.w.org\/{rel}","templated":true}]}}