{"id":3536,"date":"2016-05-02T16:52:25","date_gmt":"2016-05-02T16:52:25","guid":{"rendered":"https:\/\/www.finsdesiecles-artdeco.com\/?product=table-basse"},"modified":"2023-08-21T11:19:31","modified_gmt":"2023-08-21T11:19:31","slug":"table-basse-par-louigi-bartolini","status":"publish","type":"product","link":"https:\/\/www.finsdesiecles-artdeco.com\/fr\/product\/table-basse-par-louigi-bartolini\/","title":{"rendered":"Table basse par Luigi Bartolini &#8211; France 1960"},"content":{"rendered":"<p>Table basse par Luigi Bartolini &#8211; France 1960<\/p>\n<hr \/>\n<p><b>Dimensions<\/b><\/p>\n<ul>\n<li><b>cm:<\/b> 133 x 48 x 37<\/li>\n<li><b>inches:<\/b> 52.36 x 18.9 x 14.57<\/li>\n<\/ul>\n","protected":false},"excerpt":{"rendered":"<p>Table basse en placage de palissandre vernis au tampon, deux tiroirs ouvrant sur un c\u00f4t\u00e9, pi\u00e8tement en m\u00e9tal nickel\u00e9, \u00e9tiquette<\/p>\n<p>Fabricant: Luigi Bartolini &#8211; Paris (\u00e9tiquette).<\/p>\n<p>France vers 1960.<\/p>\n<p><b>Dimensions<\/b><\/p>\n<ul>\n<li><b>cm:<\/b> 133 x 48 x 37<\/li>\n<li><b>inches:<\/b> 52.36 x 18.9 x 14.57<\/li>\n<\/ul>\n","protected":false},"featured_media":3529,"template":"","meta":{"_editorskit_title_hidden":false,"_editorskit_reading_time":0,"_editorskit_is_block_options_detached":false,"_editorskit_block_options_position":"{}","inline_featured_image":false},"product_brand":[],"product_cat":[256,291],"product_tag":[],"class_list":{"0":"post-3536","1":"product","2":"type-product","3":"status-publish","4":"has-post-thumbnail","6":"product_cat-tables","7":"product_cat-tables-basses","9":"first","10":"instock","11":"purchasable","12":"product-type-simple"},"_links":{"self":[{"href":"https:\/\/www.finsdesiecles-artdeco.com\/fr\/wp-json\/wp\/v2\/product\/3536","targetHints":{"allow":["GET"]}}],"collection":[{"href":"https:\/\/www.finsdesiecles-artdeco.com\/fr\/wp-json\/wp\/v2\/product"}],"about":[{"href":"https:\/\/www.finsdesiecles-artdeco.com\/fr\/wp-json\/wp\/v2\/types\/product"}],"wp:featuredmedia":[{"embeddable":true,"href":"https:\/\/www.finsdesiecles-artdeco.com\/fr\/wp-json\/wp\/v2\/media\/3529"}],"wp:attachment":[{"href":"https:\/\/www.finsdesiecles-artdeco.com\/fr\/wp-json\/wp\/v2\/media?parent=3536"}],"wp:term":[{"taxonomy":"product_brand","embeddable":true,"href":"https:\/\/www.finsdesiecles-artdeco.com\/fr\/wp-json\/wp\/v2\/product_brand?post=3536"},{"taxonomy":"product_cat","embeddable":true,"href":"https:\/\/www.finsdesiecles-artdeco.com\/fr\/wp-json\/wp\/v2\/product_cat?post=3536"},{"taxonomy":"product_tag","embeddable":true,"href":"https:\/\/www.finsdesiecles-artdeco.com\/fr\/wp-json\/wp\/v2\/product_tag?post=3536"}],"curies":[{"name":"wp","href":"https:\/\/api.w.org\/{rel}","templated":true}]}}