{"id":35599,"date":"2025-06-06T10:00:21","date_gmt":"2025-06-06T10:15:59","guid":{"rendered":"https:\/\/www.finsdesiecles-artdeco.com\/?post_type=product&#038;p=35599"},"modified":"2025-06-06T10:16:00","modified_gmt":"2025-06-06T10:16:00","slug":"petite-console-italie-1950-2","status":"publish","type":"product","link":"https:\/\/www.finsdesiecles-artdeco.com\/fr\/product\/petite-console-italie-1950-2\/","title":{"rendered":"Petite console &#8211; Italie 1950"},"content":{"rendered":"<p>Petite console &#8211; Italie 1950<\/p>\n<p><strong>Dimensions<\/strong><\/p>\n<p><strong>cm<\/strong> 84,5 x 27 x 89 \u2013 84 \u00e9tag\u00e8re verre\/73 \u00e9tag\u00e8re centrale\/30 \u00e9tag\u00e8re inf\u00e9rieure<\/p>\n<p><strong>inches<\/strong> 32.27 x 10.63 x 35.04 \u2013 33.07 \u00e9tag\u00e8re verre\/28.74 \u00e9tag\u00e8re centrale\/11.81 \u00e9tag\u00e8re inf\u00e9rieure<\/p>\n","protected":false},"excerpt":{"rendered":"<p>Petite console, enti\u00e8rement d\u00e9montable en acajou teint\u00e9 fonc\u00e9, tablette en verre sur la partie sup\u00e9rieure. Vernis au tampon.<\/p>\n<p>Italie 1950<\/p>\n<p>&nbsp;<\/p>\n<p><strong>Dimensions<\/strong><\/p>\n<p><strong>cm<\/strong> 84,5 x 27 x 89 \u2013 84 \u00e9tag\u00e8re verre\/73 \u00e9tag\u00e8re centrale\/30 \u00e9tag\u00e8re inf\u00e9rieure<\/p>\n<p><strong>inches<\/strong> 32.27 x 10.63 x 35.04 \u2013 33.07 \u00e9tag\u00e8re verre\/28.74 \u00e9tag\u00e8re centrale\/11.81 \u00e9tag\u00e8re inf\u00e9rieure<\/p>\n","protected":false},"featured_media":35576,"template":"","meta":{"_editorskit_title_hidden":false,"_editorskit_reading_time":0,"_editorskit_is_block_options_detached":false,"_editorskit_block_options_position":"{}","inline_featured_image":false},"product_brand":[],"product_cat":[256,324],"product_tag":[],"class_list":{"0":"post-35599","1":"product","2":"type-product","3":"status-publish","4":"has-post-thumbnail","6":"product_cat-tables","7":"product_cat-consoles","9":"first","10":"instock","11":"shipping-taxable","12":"purchasable","13":"product-type-simple"},"_links":{"self":[{"href":"https:\/\/www.finsdesiecles-artdeco.com\/fr\/wp-json\/wp\/v2\/product\/35599","targetHints":{"allow":["GET"]}}],"collection":[{"href":"https:\/\/www.finsdesiecles-artdeco.com\/fr\/wp-json\/wp\/v2\/product"}],"about":[{"href":"https:\/\/www.finsdesiecles-artdeco.com\/fr\/wp-json\/wp\/v2\/types\/product"}],"wp:featuredmedia":[{"embeddable":true,"href":"https:\/\/www.finsdesiecles-artdeco.com\/fr\/wp-json\/wp\/v2\/media\/35576"}],"wp:attachment":[{"href":"https:\/\/www.finsdesiecles-artdeco.com\/fr\/wp-json\/wp\/v2\/media?parent=35599"}],"wp:term":[{"taxonomy":"product_brand","embeddable":true,"href":"https:\/\/www.finsdesiecles-artdeco.com\/fr\/wp-json\/wp\/v2\/product_brand?post=35599"},{"taxonomy":"product_cat","embeddable":true,"href":"https:\/\/www.finsdesiecles-artdeco.com\/fr\/wp-json\/wp\/v2\/product_cat?post=35599"},{"taxonomy":"product_tag","embeddable":true,"href":"https:\/\/www.finsdesiecles-artdeco.com\/fr\/wp-json\/wp\/v2\/product_tag?post=35599"}],"curies":[{"name":"wp","href":"https:\/\/api.w.org\/{rel}","templated":true}]}}