{"id":35623,"date":"2025-06-06T14:40:14","date_gmt":"2025-06-06T14:46:34","guid":{"rendered":"https:\/\/www.finsdesiecles-artdeco.com\/?post_type=product&#038;p=35623"},"modified":"2025-06-06T14:46:35","modified_gmt":"2025-06-06T14:46:35","slug":"gueridon-ou-table-de-centre-art-deco-france-1930","status":"publish","type":"product","link":"https:\/\/www.finsdesiecles-artdeco.com\/fr\/product\/gueridon-ou-table-de-centre-art-deco-france-1930\/","title":{"rendered":"Gu\u00e9ridon ou table de centre Art D\u00e9co &#8211; France 1930"},"content":{"rendered":"<p>Gu\u00e9ridon ou table de centre Art D\u00e9co &#8211; France 1930<\/p>\n<p><strong>Dimensions<\/strong><\/p>\n<p><strong>cm<\/strong>\u00a0Diam. 80 x 60<\/p>\n<p><strong>inches<\/strong>\u00a0Diam. 31.50 x 23.62<\/p>\n","protected":false},"excerpt":{"rendered":"<p>Gu\u00e9ridon ou table de centre tripode Art D\u00e9co, acajou massif partiellement teint\u00e9 et placage d&rsquo;acajou pommel\u00e9, d\u00e9coration de filets de laiton poli sur le pi\u00e8tement. Verni au tampon. Tr\u00e8s belle qualit\u00e9.<\/p>\n<p>Dans le go\u00fbt de Jules Leleu<\/p>\n<p>France 1930<\/p>\n<p>&nbsp;<\/p>\n<p><strong>Dimensions<\/strong><\/p>\n<p><strong>cm<\/strong>\u00a0Diam. 80 x 60<\/p>\n<p><strong>inches<\/strong>\u00a0Diam. 31.50 x 23.62<\/p>\n","protected":false},"featured_media":35606,"template":"","meta":{"_editorskit_title_hidden":false,"_editorskit_reading_time":0,"_editorskit_is_block_options_detached":false,"_editorskit_block_options_position":"{}","inline_featured_image":false},"product_brand":[],"product_cat":[256,257,291],"product_tag":[],"class_list":{"0":"post-35623","1":"product","2":"type-product","3":"status-publish","4":"has-post-thumbnail","6":"product_cat-tables","7":"product_cat-gueridons","8":"product_cat-tables-basses","10":"first","11":"instock","12":"shipping-taxable","13":"purchasable","14":"product-type-simple"},"_links":{"self":[{"href":"https:\/\/www.finsdesiecles-artdeco.com\/fr\/wp-json\/wp\/v2\/product\/35623","targetHints":{"allow":["GET"]}}],"collection":[{"href":"https:\/\/www.finsdesiecles-artdeco.com\/fr\/wp-json\/wp\/v2\/product"}],"about":[{"href":"https:\/\/www.finsdesiecles-artdeco.com\/fr\/wp-json\/wp\/v2\/types\/product"}],"wp:featuredmedia":[{"embeddable":true,"href":"https:\/\/www.finsdesiecles-artdeco.com\/fr\/wp-json\/wp\/v2\/media\/35606"}],"wp:attachment":[{"href":"https:\/\/www.finsdesiecles-artdeco.com\/fr\/wp-json\/wp\/v2\/media?parent=35623"}],"wp:term":[{"taxonomy":"product_brand","embeddable":true,"href":"https:\/\/www.finsdesiecles-artdeco.com\/fr\/wp-json\/wp\/v2\/product_brand?post=35623"},{"taxonomy":"product_cat","embeddable":true,"href":"https:\/\/www.finsdesiecles-artdeco.com\/fr\/wp-json\/wp\/v2\/product_cat?post=35623"},{"taxonomy":"product_tag","embeddable":true,"href":"https:\/\/www.finsdesiecles-artdeco.com\/fr\/wp-json\/wp\/v2\/product_tag?post=35623"}],"curies":[{"name":"wp","href":"https:\/\/api.w.org\/{rel}","templated":true}]}}