{"id":3586,"date":"2016-05-21T17:35:43","date_gmt":"2016-05-21T17:35:43","guid":{"rendered":"https:\/\/www.finsdesiecles-artdeco.com\/?product=fauteuils"},"modified":"2022-10-29T09:40:02","modified_gmt":"2022-10-29T09:40:02","slug":"fauteuil-art-deco-cubiste-belgique-1930","status":"publish","type":"product","link":"https:\/\/www.finsdesiecles-artdeco.com\/fr\/product\/fauteuil-art-deco-cubiste-belgique-1930\/","title":{"rendered":"Fauteuil Art D\u00e9co cubiste &#8211; Belgique 1930"},"content":{"rendered":"<p>Fauteuil Art D\u00e9co cubiste &#8211; Belgique 1930<\/p>\n<hr \/>\n<p><b>Dimensions<\/b><\/p>\n<ul>\n<li><b>cm:<\/b> 68 x 74 x 89 Assise 43<\/li>\n<li><b>inches:<\/b> 26.77 x 29.13 x 35.04 Assise 16.93<\/li>\n<\/ul>\n","protected":false},"excerpt":{"rendered":"<p>Spectaculaire fauteuil Art D\u00e9co cubiste en h\u00eatre laqu\u00e9 rouge chinois, tapisserie enti\u00e8rement refaite \u00e0 neuf en laine \u00e9crue.<\/p>\n<p>Belgique vers 1930.<\/p>\n<p><b>Dimensions<\/b><\/p>\n<ul>\n<li><b>cm:<\/b> 68 x 74 x 89 Assise 43<\/li>\n<li><b>inches:<\/b> 26.77 x 29.13 x 35.04 Assise 16.93<\/li>\n<\/ul>\n","protected":false},"featured_media":3575,"template":"","meta":{"_editorskit_title_hidden":false,"_editorskit_reading_time":0,"_editorskit_is_block_options_detached":false,"_editorskit_block_options_position":"{}","inline_featured_image":false},"product_brand":[],"product_cat":[250,251],"product_tag":[],"class_list":{"0":"post-3586","1":"product","2":"type-product","3":"status-publish","4":"has-post-thumbnail","6":"product_cat-sieges","7":"product_cat-fauteuils","9":"first","10":"instock","11":"purchasable","12":"product-type-simple"},"_links":{"self":[{"href":"https:\/\/www.finsdesiecles-artdeco.com\/fr\/wp-json\/wp\/v2\/product\/3586","targetHints":{"allow":["GET"]}}],"collection":[{"href":"https:\/\/www.finsdesiecles-artdeco.com\/fr\/wp-json\/wp\/v2\/product"}],"about":[{"href":"https:\/\/www.finsdesiecles-artdeco.com\/fr\/wp-json\/wp\/v2\/types\/product"}],"wp:featuredmedia":[{"embeddable":true,"href":"https:\/\/www.finsdesiecles-artdeco.com\/fr\/wp-json\/wp\/v2\/media\/3575"}],"wp:attachment":[{"href":"https:\/\/www.finsdesiecles-artdeco.com\/fr\/wp-json\/wp\/v2\/media?parent=3586"}],"wp:term":[{"taxonomy":"product_brand","embeddable":true,"href":"https:\/\/www.finsdesiecles-artdeco.com\/fr\/wp-json\/wp\/v2\/product_brand?post=3586"},{"taxonomy":"product_cat","embeddable":true,"href":"https:\/\/www.finsdesiecles-artdeco.com\/fr\/wp-json\/wp\/v2\/product_cat?post=3586"},{"taxonomy":"product_tag","embeddable":true,"href":"https:\/\/www.finsdesiecles-artdeco.com\/fr\/wp-json\/wp\/v2\/product_tag?post=3586"}],"curies":[{"name":"wp","href":"https:\/\/api.w.org\/{rel}","templated":true}]}}