{"id":35876,"date":"2025-06-16T14:12:46","date_gmt":"2025-06-16T14:20:26","guid":{"rendered":"https:\/\/www.finsdesiecles-artdeco.com\/?post_type=product&#038;p=35876"},"modified":"2025-06-16T14:20:26","modified_gmt":"2025-06-16T14:20:26","slug":"sculpture-en-fer-forge-barcelone-1960","status":"publish","type":"product","link":"https:\/\/www.finsdesiecles-artdeco.com\/fr\/product\/sculpture-en-fer-forge-barcelone-1960\/","title":{"rendered":"Sculpture en fer forg\u00e9 &#8211; Barcelone 1960"},"content":{"rendered":"<p>Sculpture en fer forg\u00e9 &#8211; Barcelone 1960<\/p>\n<p><strong>Dimensions<\/strong><\/p>\n<p><strong>cm<\/strong> 38 x 33 x 81<\/p>\n<p><strong>inches<\/strong> 14.96 x 12.99 x 31.89<\/p>\n","protected":false},"excerpt":{"rendered":"<p>Sculpture r\u00e9alis\u00e9e en fer forg\u00e9 et pi\u00e8ces de r\u00e9cuperation (boulons, m\u00e8ches de foreuse&#8230;). Tr\u00e8s belle patine.<\/p>\n<p>Sign\u00e9e Franc.<\/p>\n<p>Espagne, Barcelone vers 1960<\/p>\n<p>&nbsp;<\/p>\n<p><strong>Dimensions<\/strong><\/p>\n<p><strong>cm<\/strong> 38 x 33 x 81<\/p>\n<p><strong>inches<\/strong> 14.96 x 12.99 x 31.89<\/p>\n","protected":false},"featured_media":35838,"template":"","meta":{"_editorskit_title_hidden":false,"_editorskit_reading_time":0,"_editorskit_is_block_options_detached":false,"_editorskit_block_options_position":"{}","inline_featured_image":false},"product_brand":[],"product_cat":[464,267],"product_tag":[],"class_list":{"0":"post-35876","1":"product","2":"type-product","3":"status-publish","4":"has-post-thumbnail","6":"product_cat-objets-decoratifs","7":"product_cat-objets-et-accessoires","9":"first","10":"instock","11":"shipping-taxable","12":"purchasable","13":"product-type-simple"},"_links":{"self":[{"href":"https:\/\/www.finsdesiecles-artdeco.com\/fr\/wp-json\/wp\/v2\/product\/35876","targetHints":{"allow":["GET"]}}],"collection":[{"href":"https:\/\/www.finsdesiecles-artdeco.com\/fr\/wp-json\/wp\/v2\/product"}],"about":[{"href":"https:\/\/www.finsdesiecles-artdeco.com\/fr\/wp-json\/wp\/v2\/types\/product"}],"wp:featuredmedia":[{"embeddable":true,"href":"https:\/\/www.finsdesiecles-artdeco.com\/fr\/wp-json\/wp\/v2\/media\/35838"}],"wp:attachment":[{"href":"https:\/\/www.finsdesiecles-artdeco.com\/fr\/wp-json\/wp\/v2\/media?parent=35876"}],"wp:term":[{"taxonomy":"product_brand","embeddable":true,"href":"https:\/\/www.finsdesiecles-artdeco.com\/fr\/wp-json\/wp\/v2\/product_brand?post=35876"},{"taxonomy":"product_cat","embeddable":true,"href":"https:\/\/www.finsdesiecles-artdeco.com\/fr\/wp-json\/wp\/v2\/product_cat?post=35876"},{"taxonomy":"product_tag","embeddable":true,"href":"https:\/\/www.finsdesiecles-artdeco.com\/fr\/wp-json\/wp\/v2\/product_tag?post=35876"}],"curies":[{"name":"wp","href":"https:\/\/api.w.org\/{rel}","templated":true}]}}