{"id":35947,"date":"2025-06-19T10:30:48","date_gmt":"2025-06-19T10:44:20","guid":{"rendered":"https:\/\/www.finsdesiecles-artdeco.com\/?post_type=product&#038;p=35947"},"modified":"2025-06-19T10:44:20","modified_gmt":"2025-06-19T10:44:20","slug":"paire-dappliques-geantes-espagne-1960-70","status":"publish","type":"product","link":"https:\/\/www.finsdesiecles-artdeco.com\/fr\/product\/paire-dappliques-geantes-espagne-1960-70\/","title":{"rendered":"Paire d&rsquo;appliques g\u00e9antes &#8211; Espagne 1960-70"},"content":{"rendered":"<p>Paire d&rsquo;appliques g\u00e9antes &#8211; Espagne 1960-70<\/p>\n<p><strong>Dimensions<\/strong><\/p>\n<p><strong>cm<\/strong>\u00a080 x 41 x 80<\/p>\n<p><strong>inches<\/strong>\u00a031.50 x 16.14 x 31.50<\/p>\n","protected":false},"excerpt":{"rendered":"<p>Paire d&rsquo;appliques g\u00e9antes \u00e0 14 bras en fer patin\u00e9 vert. Cache-douilles imitation bougies en fer patin\u00e9 cr\u00eame.<\/p>\n<p>Etiquette de la marque \u00ab\u00a0Trineo\u00a0\u00bb<\/p>\n<p>Espagne vers 1960-70<\/p>\n<p>&nbsp;<\/p>\n<p><strong>Dimensions<\/strong><\/p>\n<p><strong>cm<\/strong>\u00a080 x 41 x 80<\/p>\n<p><strong>inches<\/strong>\u00a031.50 x 16.14 x 31.50<\/p>\n","protected":false},"featured_media":35933,"template":"","meta":{"_editorskit_title_hidden":false,"_editorskit_reading_time":0,"_editorskit_is_block_options_detached":false,"_editorskit_block_options_position":"{}","inline_featured_image":false},"product_brand":[],"product_cat":[354,264],"product_tag":[],"class_list":{"0":"post-35947","1":"product","2":"type-product","3":"status-publish","4":"has-post-thumbnail","6":"product_cat-appliques","7":"product_cat-luminaires","9":"first","10":"instock","11":"shipping-taxable","12":"purchasable","13":"product-type-simple"},"_links":{"self":[{"href":"https:\/\/www.finsdesiecles-artdeco.com\/fr\/wp-json\/wp\/v2\/product\/35947","targetHints":{"allow":["GET"]}}],"collection":[{"href":"https:\/\/www.finsdesiecles-artdeco.com\/fr\/wp-json\/wp\/v2\/product"}],"about":[{"href":"https:\/\/www.finsdesiecles-artdeco.com\/fr\/wp-json\/wp\/v2\/types\/product"}],"wp:featuredmedia":[{"embeddable":true,"href":"https:\/\/www.finsdesiecles-artdeco.com\/fr\/wp-json\/wp\/v2\/media\/35933"}],"wp:attachment":[{"href":"https:\/\/www.finsdesiecles-artdeco.com\/fr\/wp-json\/wp\/v2\/media?parent=35947"}],"wp:term":[{"taxonomy":"product_brand","embeddable":true,"href":"https:\/\/www.finsdesiecles-artdeco.com\/fr\/wp-json\/wp\/v2\/product_brand?post=35947"},{"taxonomy":"product_cat","embeddable":true,"href":"https:\/\/www.finsdesiecles-artdeco.com\/fr\/wp-json\/wp\/v2\/product_cat?post=35947"},{"taxonomy":"product_tag","embeddable":true,"href":"https:\/\/www.finsdesiecles-artdeco.com\/fr\/wp-json\/wp\/v2\/product_tag?post=35947"}],"curies":[{"name":"wp","href":"https:\/\/api.w.org\/{rel}","templated":true}]}}