{"id":3596,"date":"2016-06-20T18:56:10","date_gmt":"2016-06-20T18:56:10","guid":{"rendered":"https:\/\/www.finsdesiecles-artdeco.com\/?product=table-de-centre"},"modified":"2022-10-29T09:35:41","modified_gmt":"2022-10-29T09:35:41","slug":"table-de-centre-attribuee-a-adolf-loos","status":"publish","type":"product","link":"https:\/\/www.finsdesiecles-artdeco.com\/fr\/product\/table-de-centre-attribuee-a-adolf-loos\/","title":{"rendered":"Table de centre attribu\u00e9e \u00e0 Adolf Loos"},"content":{"rendered":"<p>Table de centre attribu\u00e9e \u00e0 Adolf Loos<\/p>\n<hr \/>\n<p><b>Dimensions<\/b><\/p>\n<ul>\n<li><b>cm:<\/b> Diam. 74 x 69<\/li>\n<li><b>inches:<\/b> Diam. 29.13 x 27.17<\/li>\n<\/ul>\n","protected":false},"excerpt":{"rendered":"<p>Spectaculaire table de centre \u00e0 10 colonnes et 2 plateaux en h\u00eatre et sapin massif plaqu\u00e9 d&rsquo;acajou, mont\u00e9s en syst\u00e8me de vis en bois, teint\u00e9e et vernie au tampon, tr\u00e8s grande qualit\u00e9.<\/p>\n<p>Design: attribu\u00e9e \u00e0 Adolf Loos<\/p>\n<p>Autriche, Vienne vers 1900<\/p>\n<p><b>Dimensions<\/b><\/p>\n<ul>\n<li><b>cm:<\/b> Diam. 74 x 69<\/li>\n<li><b>inches:<\/b> Diam. 29.13 x 27.17<\/li>\n<\/ul>\n","protected":false},"featured_media":3589,"template":"","meta":{"_editorskit_title_hidden":false,"_editorskit_reading_time":0,"_editorskit_is_block_options_detached":false,"_editorskit_block_options_position":"{}","inline_featured_image":false},"product_brand":[],"product_cat":[256,257],"product_tag":[],"class_list":{"0":"post-3596","1":"product","2":"type-product","3":"status-publish","4":"has-post-thumbnail","6":"product_cat-tables","7":"product_cat-gueridons","9":"first","10":"instock","11":"purchasable","12":"product-type-simple"},"_links":{"self":[{"href":"https:\/\/www.finsdesiecles-artdeco.com\/fr\/wp-json\/wp\/v2\/product\/3596","targetHints":{"allow":["GET"]}}],"collection":[{"href":"https:\/\/www.finsdesiecles-artdeco.com\/fr\/wp-json\/wp\/v2\/product"}],"about":[{"href":"https:\/\/www.finsdesiecles-artdeco.com\/fr\/wp-json\/wp\/v2\/types\/product"}],"wp:featuredmedia":[{"embeddable":true,"href":"https:\/\/www.finsdesiecles-artdeco.com\/fr\/wp-json\/wp\/v2\/media\/3589"}],"wp:attachment":[{"href":"https:\/\/www.finsdesiecles-artdeco.com\/fr\/wp-json\/wp\/v2\/media?parent=3596"}],"wp:term":[{"taxonomy":"product_brand","embeddable":true,"href":"https:\/\/www.finsdesiecles-artdeco.com\/fr\/wp-json\/wp\/v2\/product_brand?post=3596"},{"taxonomy":"product_cat","embeddable":true,"href":"https:\/\/www.finsdesiecles-artdeco.com\/fr\/wp-json\/wp\/v2\/product_cat?post=3596"},{"taxonomy":"product_tag","embeddable":true,"href":"https:\/\/www.finsdesiecles-artdeco.com\/fr\/wp-json\/wp\/v2\/product_tag?post=3596"}],"curies":[{"name":"wp","href":"https:\/\/api.w.org\/{rel}","templated":true}]}}