{"id":3629,"date":"2016-07-05T12:43:01","date_gmt":"2016-07-05T12:43:01","guid":{"rendered":"https:\/\/www.finsdesiecles-artdeco.com\/?product=table-de-centre"},"modified":"2022-10-21T11:09:53","modified_gmt":"2022-10-21T11:09:53","slug":"table-de-centre-art-deco-attribuee-a-gaston-poisson","status":"publish","type":"product","link":"https:\/\/www.finsdesiecles-artdeco.com\/fr\/product\/table-de-centre-art-deco-attribuee-a-gaston-poisson\/","title":{"rendered":"Table de centre Art D\u00e9co attribu\u00e9e \u00e0 Gaston Poisson"},"content":{"rendered":"<p>Table de centre Art D\u00e9co attribu\u00e9e \u00e0 Gaston Poisson<\/p>\n<hr \/>\n<p><b>Dimensions<\/b><\/p>\n<ul>\n<li><b>cm:<\/b> 90 x 60 x 71<\/li>\n<li><b>inches:<\/b> 35.43 x 23.62 x 27.95<\/li>\n<\/ul>\n","protected":false},"excerpt":{"rendered":"<p>Rare table de centre Art D\u00e9co en palissandre massif et placage de noyer, tr\u00e8s belle qualit\u00e9.<\/p>\n<p>Attribu\u00e9e \u00e0 Gaston Poisson.<\/p>\n<p>France, Nancy vers 1925.<\/p>\n<p><b>Dimensions<\/b><\/p>\n<ul>\n<li><b>cm:<\/b> 90 x 60 x 71<\/li>\n<li><b>inches:<\/b> 35.43 x 23.62 x 27.95<\/li>\n<\/ul>\n","protected":false},"featured_media":3621,"template":"","meta":{"_editorskit_title_hidden":false,"_editorskit_reading_time":0,"_editorskit_is_block_options_detached":false,"_editorskit_block_options_position":"{}","inline_featured_image":false},"product_brand":[],"product_cat":[256,257],"product_tag":[],"class_list":{"0":"post-3629","1":"product","2":"type-product","3":"status-publish","4":"has-post-thumbnail","6":"product_cat-tables","7":"product_cat-gueridons","9":"first","10":"instock","11":"purchasable","12":"product-type-simple"},"_links":{"self":[{"href":"https:\/\/www.finsdesiecles-artdeco.com\/fr\/wp-json\/wp\/v2\/product\/3629","targetHints":{"allow":["GET"]}}],"collection":[{"href":"https:\/\/www.finsdesiecles-artdeco.com\/fr\/wp-json\/wp\/v2\/product"}],"about":[{"href":"https:\/\/www.finsdesiecles-artdeco.com\/fr\/wp-json\/wp\/v2\/types\/product"}],"wp:featuredmedia":[{"embeddable":true,"href":"https:\/\/www.finsdesiecles-artdeco.com\/fr\/wp-json\/wp\/v2\/media\/3621"}],"wp:attachment":[{"href":"https:\/\/www.finsdesiecles-artdeco.com\/fr\/wp-json\/wp\/v2\/media?parent=3629"}],"wp:term":[{"taxonomy":"product_brand","embeddable":true,"href":"https:\/\/www.finsdesiecles-artdeco.com\/fr\/wp-json\/wp\/v2\/product_brand?post=3629"},{"taxonomy":"product_cat","embeddable":true,"href":"https:\/\/www.finsdesiecles-artdeco.com\/fr\/wp-json\/wp\/v2\/product_cat?post=3629"},{"taxonomy":"product_tag","embeddable":true,"href":"https:\/\/www.finsdesiecles-artdeco.com\/fr\/wp-json\/wp\/v2\/product_tag?post=3629"}],"curies":[{"name":"wp","href":"https:\/\/api.w.org\/{rel}","templated":true}]}}