{"id":3637,"date":"2016-07-05T15:23:06","date_gmt":"2016-07-05T15:23:06","guid":{"rendered":"https:\/\/www.finsdesiecles-artdeco.com\/?product=table-de-salon"},"modified":"2022-10-21T11:05:49","modified_gmt":"2022-10-21T11:05:49","slug":"table-basse-2","status":"publish","type":"product","link":"https:\/\/www.finsdesiecles-artdeco.com\/fr\/product\/table-basse-2\/","title":{"rendered":"Grande table basse &#8211; Barcelone 1930"},"content":{"rendered":"<p>Grande table basse &#8211; Barcelone, 1930<\/p>\n<hr \/>\n<p><b>Dimensions<\/b><\/p>\n<ul>\n<li><b>cm:<\/b> Diam. 109 x 60<\/li>\n<li><b>inches:<\/b> Diam. 42.91 x 23.62<\/li>\n<\/ul>\n","protected":false},"excerpt":{"rendered":"<p>Grande table basse ronde \u00e0 deux niveaux en ch\u00eane massif et placage de ch\u00eane travaill\u00e9 en trois parties, teint\u00e9 couleur auburn et verni au tampon \u00e0 pores ouverts.<\/p>\n<p>Espagne, Barcelone vers 1930.<\/p>\n<p><b>Dimensions<\/b><\/p>\n<ul>\n<li><b>cm:<\/b> Diam. 109 x 60<\/li>\n<li><b>inches:<\/b> Diam. 42.91 x 23.62<\/li>\n<\/ul>\n","protected":false},"featured_media":3632,"template":"","meta":{"_editorskit_title_hidden":false,"_editorskit_reading_time":0,"_editorskit_is_block_options_detached":false,"_editorskit_block_options_position":"{}","inline_featured_image":false},"product_brand":[],"product_cat":[256,291],"product_tag":[],"class_list":{"0":"post-3637","1":"product","2":"type-product","3":"status-publish","4":"has-post-thumbnail","6":"product_cat-tables","7":"product_cat-tables-basses","9":"first","10":"instock","11":"purchasable","12":"product-type-simple"},"_links":{"self":[{"href":"https:\/\/www.finsdesiecles-artdeco.com\/fr\/wp-json\/wp\/v2\/product\/3637","targetHints":{"allow":["GET"]}}],"collection":[{"href":"https:\/\/www.finsdesiecles-artdeco.com\/fr\/wp-json\/wp\/v2\/product"}],"about":[{"href":"https:\/\/www.finsdesiecles-artdeco.com\/fr\/wp-json\/wp\/v2\/types\/product"}],"wp:featuredmedia":[{"embeddable":true,"href":"https:\/\/www.finsdesiecles-artdeco.com\/fr\/wp-json\/wp\/v2\/media\/3632"}],"wp:attachment":[{"href":"https:\/\/www.finsdesiecles-artdeco.com\/fr\/wp-json\/wp\/v2\/media?parent=3637"}],"wp:term":[{"taxonomy":"product_brand","embeddable":true,"href":"https:\/\/www.finsdesiecles-artdeco.com\/fr\/wp-json\/wp\/v2\/product_brand?post=3637"},{"taxonomy":"product_cat","embeddable":true,"href":"https:\/\/www.finsdesiecles-artdeco.com\/fr\/wp-json\/wp\/v2\/product_cat?post=3637"},{"taxonomy":"product_tag","embeddable":true,"href":"https:\/\/www.finsdesiecles-artdeco.com\/fr\/wp-json\/wp\/v2\/product_tag?post=3637"}],"curies":[{"name":"wp","href":"https:\/\/api.w.org\/{rel}","templated":true}]}}