{"id":36566,"date":"2025-07-27T16:56:36","date_gmt":"2025-07-27T17:01:27","guid":{"rendered":"https:\/\/www.finsdesiecles-artdeco.com\/?post_type=product&#038;p=36566"},"modified":"2025-07-27T17:01:27","modified_gmt":"2025-07-27T17:01:27","slug":"armoire-garde-robes-art-deco-france-1930","status":"publish","type":"product","link":"https:\/\/www.finsdesiecles-artdeco.com\/fr\/product\/armoire-garde-robes-art-deco-france-1930\/","title":{"rendered":"Armoire garde-robes Art D\u00e9co &#8211; France 1930"},"content":{"rendered":"<p>Armoire garde-robes Art D\u00e9co &#8211; France 1930<\/p>\n<p><strong>Dimensions<\/strong><\/p>\n<p><strong>cm<\/strong>\u00a0135 x 49,5 x 185,5<\/p>\n<p><strong>inches<\/strong>\u00a053.15 x 19.49 x 73.03<\/p>\n","protected":false},"excerpt":{"rendered":"<p>Splendide armoire garde-robes Art D\u00e9co \u00e0 structure en fr\u00eane massif plaqu\u00e9 d&rsquo;\u00e9rable mouchet\u00e9. Socle en bois de rose massif. Plaque de propret\u00e9 et poign\u00e9es en m\u00e9tal nickel\u00e9 et tubes de verre rose d&rsquo;origine. Finition cir\u00e9e. Enti\u00e8rement d\u00e9montable.<\/p>\n<p>France vers 1930<\/p>\n<p>&nbsp;<\/p>\n<p><strong>Dimensions<\/strong><\/p>\n<p><strong>cm<\/strong>\u00a0135 x 49,5 x 185,5<\/p>\n<p><strong>inches<\/strong>\u00a053.15 x 19.49 x 73.03<\/p>\n","protected":false},"featured_media":36534,"template":"","meta":{"_editorskit_title_hidden":false,"_editorskit_reading_time":0,"_editorskit_is_block_options_detached":false,"_editorskit_block_options_position":"{}","inline_featured_image":false},"product_brand":[],"product_cat":[415,309],"product_tag":[],"class_list":{"0":"post-36566","1":"product","2":"type-product","3":"status-publish","4":"has-post-thumbnail","6":"product_cat-meubles-de-rangement","7":"product_cat-armoires","9":"first","10":"instock","11":"shipping-taxable","12":"purchasable","13":"product-type-simple"},"_links":{"self":[{"href":"https:\/\/www.finsdesiecles-artdeco.com\/fr\/wp-json\/wp\/v2\/product\/36566","targetHints":{"allow":["GET"]}}],"collection":[{"href":"https:\/\/www.finsdesiecles-artdeco.com\/fr\/wp-json\/wp\/v2\/product"}],"about":[{"href":"https:\/\/www.finsdesiecles-artdeco.com\/fr\/wp-json\/wp\/v2\/types\/product"}],"wp:featuredmedia":[{"embeddable":true,"href":"https:\/\/www.finsdesiecles-artdeco.com\/fr\/wp-json\/wp\/v2\/media\/36534"}],"wp:attachment":[{"href":"https:\/\/www.finsdesiecles-artdeco.com\/fr\/wp-json\/wp\/v2\/media?parent=36566"}],"wp:term":[{"taxonomy":"product_brand","embeddable":true,"href":"https:\/\/www.finsdesiecles-artdeco.com\/fr\/wp-json\/wp\/v2\/product_brand?post=36566"},{"taxonomy":"product_cat","embeddable":true,"href":"https:\/\/www.finsdesiecles-artdeco.com\/fr\/wp-json\/wp\/v2\/product_cat?post=36566"},{"taxonomy":"product_tag","embeddable":true,"href":"https:\/\/www.finsdesiecles-artdeco.com\/fr\/wp-json\/wp\/v2\/product_tag?post=36566"}],"curies":[{"name":"wp","href":"https:\/\/api.w.org\/{rel}","templated":true}]}}