{"id":3660,"date":"2016-07-22T17:18:35","date_gmt":"2016-07-22T17:18:35","guid":{"rendered":"https:\/\/www.finsdesiecles-artdeco.com\/?product=dessertes"},"modified":"2022-10-29T15:37:00","modified_gmt":"2022-10-29T15:37:00","slug":"desserte-chariot-avec-une-nature-morte","status":"publish","type":"product","link":"https:\/\/www.finsdesiecles-artdeco.com\/fr\/product\/desserte-chariot-avec-une-nature-morte\/","title":{"rendered":"Desserte-chariot avec une nature-morte\u00a0\u00a0"},"content":{"rendered":"<p>Desserte-chariot avec une nature-morte<\/p>\n<hr \/>\n<p><b>Dimensions<\/b><\/p>\n<ul>\n<li><b>cm:<\/b> 86 x 42 x 70<\/li>\n<li><b>inches:<\/b> 33.86 x 16.54 x 27.56<\/li>\n<\/ul>\n","protected":false},"excerpt":{"rendered":"<p>Desserte-chariot en noyer teint\u00e9 et vernis au tampon, surmont\u00e9 d&rsquo;un plateau amovible en bois d\u00e9cor\u00e9 d&rsquo;une nature-morte originale prot\u00e9g\u00e9e par un verre \u00e9pais.<\/p>\n<p>Italie vers 1940.<\/p>\n<p><b>Dimensions<\/b><\/p>\n<ul>\n<li><b>cm:<\/b> 86 x 42 x 70<\/li>\n<li><b>inches:<\/b> 33.86 x 16.54 x 27.56<\/li>\n<\/ul>\n","protected":false},"featured_media":3653,"template":"","meta":{"_editorskit_title_hidden":false,"_editorskit_reading_time":0,"_editorskit_is_block_options_detached":false,"_editorskit_block_options_position":"{}","inline_featured_image":false},"product_brand":[],"product_cat":[276,321],"product_tag":[],"class_list":{"0":"post-3660","1":"product","2":"type-product","3":"status-publish","4":"has-post-thumbnail","6":"product_cat-auxiliaires","7":"product_cat-dessertes","9":"first","10":"instock","11":"purchasable","12":"product-type-simple"},"_links":{"self":[{"href":"https:\/\/www.finsdesiecles-artdeco.com\/fr\/wp-json\/wp\/v2\/product\/3660","targetHints":{"allow":["GET"]}}],"collection":[{"href":"https:\/\/www.finsdesiecles-artdeco.com\/fr\/wp-json\/wp\/v2\/product"}],"about":[{"href":"https:\/\/www.finsdesiecles-artdeco.com\/fr\/wp-json\/wp\/v2\/types\/product"}],"wp:featuredmedia":[{"embeddable":true,"href":"https:\/\/www.finsdesiecles-artdeco.com\/fr\/wp-json\/wp\/v2\/media\/3653"}],"wp:attachment":[{"href":"https:\/\/www.finsdesiecles-artdeco.com\/fr\/wp-json\/wp\/v2\/media?parent=3660"}],"wp:term":[{"taxonomy":"product_brand","embeddable":true,"href":"https:\/\/www.finsdesiecles-artdeco.com\/fr\/wp-json\/wp\/v2\/product_brand?post=3660"},{"taxonomy":"product_cat","embeddable":true,"href":"https:\/\/www.finsdesiecles-artdeco.com\/fr\/wp-json\/wp\/v2\/product_cat?post=3660"},{"taxonomy":"product_tag","embeddable":true,"href":"https:\/\/www.finsdesiecles-artdeco.com\/fr\/wp-json\/wp\/v2\/product_tag?post=3660"}],"curies":[{"name":"wp","href":"https:\/\/api.w.org\/{rel}","templated":true}]}}