{"id":36820,"date":"2025-08-05T11:55:25","date_gmt":"2025-08-05T12:01:56","guid":{"rendered":"https:\/\/www.finsdesiecles-artdeco.com\/?post_type=product&#038;p=36820"},"modified":"2026-02-28T15:54:47","modified_gmt":"2026-02-28T15:54:47","slug":"encoignure-art-deco-suede-1930","status":"publish","type":"product","link":"https:\/\/www.finsdesiecles-artdeco.com\/fr\/product\/encoignure-art-deco-suede-1930\/","title":{"rendered":"Encoignure Art D\u00e9co &#8211; Su\u00e8de 1930"},"content":{"rendered":"<p>Encoignure Art D\u00e9co &#8211; Su\u00e8de 1930<\/p>\n<p><strong>Dimensions\u00a0<\/strong><\/p>\n<p><strong>cm<\/strong>\u00a077 x 55 \u2013 50 partie centrale x 71<\/p>\n<p><strong>inches<\/strong>\u00a030.32 x 21.65 \u2013 19.69 partie centrale x 27.95<\/p>\n","protected":false},"excerpt":{"rendered":"<p>Petite encoignure en placage de fr\u00eane, encadrement de la porte en noyer, marqueterie d\u00e9corative en bois pr\u00e9cieux. Vernis au tampon.<\/p>\n<p>Su\u00e8de vers 1930<\/p>\n<p>&nbsp;<\/p>\n<p><strong>Dimensions\u00a0<\/strong><\/p>\n<p><strong>cm<\/strong>\u00a077 x 55 \u2013 50 partie centrale x 71<\/p>\n<p><strong>inches<\/strong>\u00a030.32 x 21.65 \u2013 19.69 partie centrale x 27.95<\/p>\n","protected":false},"featured_media":36803,"template":"","meta":{"_editorskit_title_hidden":false,"_editorskit_reading_time":0,"_editorskit_is_block_options_detached":false,"_editorskit_block_options_position":"{}","inline_featured_image":false},"product_brand":[],"product_cat":[415,691],"product_tag":[],"class_list":{"0":"post-36820","1":"product","2":"type-product","3":"status-publish","4":"has-post-thumbnail","6":"product_cat-meubles-de-rangement","7":"product_cat-cabinets-2-fr","9":"first","10":"instock","11":"shipping-taxable","12":"purchasable","13":"product-type-simple"},"_links":{"self":[{"href":"https:\/\/www.finsdesiecles-artdeco.com\/fr\/wp-json\/wp\/v2\/product\/36820","targetHints":{"allow":["GET"]}}],"collection":[{"href":"https:\/\/www.finsdesiecles-artdeco.com\/fr\/wp-json\/wp\/v2\/product"}],"about":[{"href":"https:\/\/www.finsdesiecles-artdeco.com\/fr\/wp-json\/wp\/v2\/types\/product"}],"wp:featuredmedia":[{"embeddable":true,"href":"https:\/\/www.finsdesiecles-artdeco.com\/fr\/wp-json\/wp\/v2\/media\/36803"}],"wp:attachment":[{"href":"https:\/\/www.finsdesiecles-artdeco.com\/fr\/wp-json\/wp\/v2\/media?parent=36820"}],"wp:term":[{"taxonomy":"product_brand","embeddable":true,"href":"https:\/\/www.finsdesiecles-artdeco.com\/fr\/wp-json\/wp\/v2\/product_brand?post=36820"},{"taxonomy":"product_cat","embeddable":true,"href":"https:\/\/www.finsdesiecles-artdeco.com\/fr\/wp-json\/wp\/v2\/product_cat?post=36820"},{"taxonomy":"product_tag","embeddable":true,"href":"https:\/\/www.finsdesiecles-artdeco.com\/fr\/wp-json\/wp\/v2\/product_tag?post=36820"}],"curies":[{"name":"wp","href":"https:\/\/api.w.org\/{rel}","templated":true}]}}