{"id":36860,"date":"2025-08-06T10:18:44","date_gmt":"2025-08-06T10:23:48","guid":{"rendered":"https:\/\/www.finsdesiecles-artdeco.com\/?post_type=product&#038;p=36860"},"modified":"2025-08-06T10:23:48","modified_gmt":"2025-08-06T10:23:48","slug":"banquette-cubiste-art-deco-barcelone-1930","status":"publish","type":"product","link":"https:\/\/www.finsdesiecles-artdeco.com\/fr\/product\/banquette-cubiste-art-deco-barcelone-1930\/","title":{"rendered":"Banquette cubiste Art D\u00e9co &#8211; Barcelone 1930"},"content":{"rendered":"<p>Banquette cubiste Art D\u00e9co &#8211; Barcelone 1930<\/p>\n<p><strong>Dimensions<\/strong><\/p>\n<p><strong>cm<\/strong> 130 x 36 x 71 \u2013 41 (assise)<\/p>\n<p><strong>inches<\/strong> 51.18 x 14.17 x 27.95 \u2013 16.14 (assise)<\/p>\n","protected":false},"excerpt":{"rendered":"<p>Petite banquette cubiste Art D\u00e9co en h\u00eatre teint\u00e9 et cir\u00e9.<\/p>\n<p>Espagne, Barcelone vers 1930<\/p>\n<p>&nbsp;<\/p>\n<p><strong>Dimensions<\/strong><\/p>\n<p><strong>cm<\/strong> 130 x 36 x 71 \u2013 41 (assise)<\/p>\n<p><strong>inches<\/strong> 51.18 x 14.17 x 27.95 \u2013 16.14 (assise)<\/p>\n","protected":false},"featured_media":36840,"template":"","meta":{"_editorskit_title_hidden":false,"_editorskit_reading_time":0,"_editorskit_is_block_options_detached":false,"_editorskit_block_options_position":"{}","inline_featured_image":false},"product_brand":[],"product_cat":[250,285],"product_tag":[],"class_list":{"0":"post-36860","1":"product","2":"type-product","3":"status-publish","4":"has-post-thumbnail","6":"product_cat-sieges","7":"product_cat-bancs-et-banquettes","9":"first","10":"outofstock","11":"shipping-taxable","12":"product-type-simple"},"_links":{"self":[{"href":"https:\/\/www.finsdesiecles-artdeco.com\/fr\/wp-json\/wp\/v2\/product\/36860","targetHints":{"allow":["GET"]}}],"collection":[{"href":"https:\/\/www.finsdesiecles-artdeco.com\/fr\/wp-json\/wp\/v2\/product"}],"about":[{"href":"https:\/\/www.finsdesiecles-artdeco.com\/fr\/wp-json\/wp\/v2\/types\/product"}],"wp:featuredmedia":[{"embeddable":true,"href":"https:\/\/www.finsdesiecles-artdeco.com\/fr\/wp-json\/wp\/v2\/media\/36840"}],"wp:attachment":[{"href":"https:\/\/www.finsdesiecles-artdeco.com\/fr\/wp-json\/wp\/v2\/media?parent=36860"}],"wp:term":[{"taxonomy":"product_brand","embeddable":true,"href":"https:\/\/www.finsdesiecles-artdeco.com\/fr\/wp-json\/wp\/v2\/product_brand?post=36860"},{"taxonomy":"product_cat","embeddable":true,"href":"https:\/\/www.finsdesiecles-artdeco.com\/fr\/wp-json\/wp\/v2\/product_cat?post=36860"},{"taxonomy":"product_tag","embeddable":true,"href":"https:\/\/www.finsdesiecles-artdeco.com\/fr\/wp-json\/wp\/v2\/product_tag?post=36860"}],"curies":[{"name":"wp","href":"https:\/\/api.w.org\/{rel}","templated":true}]}}