{"id":36959,"date":"2025-08-12T14:14:17","date_gmt":"2025-08-12T14:18:57","guid":{"rendered":"https:\/\/www.finsdesiecles-artdeco.com\/?post_type=product&#038;p=36959"},"modified":"2025-08-12T14:18:57","modified_gmt":"2025-08-12T14:18:57","slug":"gueridon-haut-art-deco-france-1930-3","status":"publish","type":"product","link":"https:\/\/www.finsdesiecles-artdeco.com\/fr\/product\/gueridon-haut-art-deco-france-1930-3\/","title":{"rendered":"Gu\u00e9ridon haut Art D\u00e9co &#8211; France 1930"},"content":{"rendered":"<p>Gu\u00e9ridon haut Art D\u00e9co &#8211; France 1930<\/p>\n<p><strong>Dimensions<\/strong><\/p>\n<p><strong>cm<\/strong>\u00a060 x 60 x 74,5<\/p>\n<p><strong>inches<\/strong>\u00a023.62 x 23.62 x 29.33<\/p>\n","protected":false},"excerpt":{"rendered":"<p>Gu\u00e9ridon haut Art D\u00e9co en acajou massif et placage d&rsquo;acajou teint\u00e9 et verni au tampon.<\/p>\n<p>France 1930<\/p>\n<p>&nbsp;<\/p>\n<p><strong>Dimensions<\/strong><\/p>\n<p><strong>cm<\/strong>\u00a060 x 60 x 74,5<\/p>\n<p><strong>inches<\/strong>\u00a023.62 x 23.62 x 29.33<\/p>\n","protected":false},"featured_media":36942,"template":"","meta":{"_editorskit_title_hidden":false,"_editorskit_reading_time":0,"_editorskit_is_block_options_detached":false,"_editorskit_block_options_position":"{}","inline_featured_image":false},"product_brand":[],"product_cat":[256,257],"product_tag":[],"class_list":{"0":"post-36959","1":"product","2":"type-product","3":"status-publish","4":"has-post-thumbnail","6":"product_cat-tables","7":"product_cat-gueridons","9":"first","10":"instock","11":"shipping-taxable","12":"purchasable","13":"product-type-simple"},"_links":{"self":[{"href":"https:\/\/www.finsdesiecles-artdeco.com\/fr\/wp-json\/wp\/v2\/product\/36959","targetHints":{"allow":["GET"]}}],"collection":[{"href":"https:\/\/www.finsdesiecles-artdeco.com\/fr\/wp-json\/wp\/v2\/product"}],"about":[{"href":"https:\/\/www.finsdesiecles-artdeco.com\/fr\/wp-json\/wp\/v2\/types\/product"}],"wp:featuredmedia":[{"embeddable":true,"href":"https:\/\/www.finsdesiecles-artdeco.com\/fr\/wp-json\/wp\/v2\/media\/36942"}],"wp:attachment":[{"href":"https:\/\/www.finsdesiecles-artdeco.com\/fr\/wp-json\/wp\/v2\/media?parent=36959"}],"wp:term":[{"taxonomy":"product_brand","embeddable":true,"href":"https:\/\/www.finsdesiecles-artdeco.com\/fr\/wp-json\/wp\/v2\/product_brand?post=36959"},{"taxonomy":"product_cat","embeddable":true,"href":"https:\/\/www.finsdesiecles-artdeco.com\/fr\/wp-json\/wp\/v2\/product_cat?post=36959"},{"taxonomy":"product_tag","embeddable":true,"href":"https:\/\/www.finsdesiecles-artdeco.com\/fr\/wp-json\/wp\/v2\/product_tag?post=36959"}],"curies":[{"name":"wp","href":"https:\/\/api.w.org\/{rel}","templated":true}]}}