{"id":3702,"date":"2016-09-26T12:10:44","date_gmt":"2016-09-26T12:10:44","guid":{"rendered":"https:\/\/www.finsdesiecles-artdeco.com\/?product=table"},"modified":"2023-07-20T10:26:04","modified_gmt":"2023-07-20T10:26:04","slug":"grande-table-ronde-art-deco","status":"publish","type":"product","link":"https:\/\/www.finsdesiecles-artdeco.com\/fr\/product\/grande-table-ronde-art-deco\/","title":{"rendered":"Grande table ronde Art D\u00e9co &#8211; Barcelone 1930"},"content":{"rendered":"<p>Grande table ronde Art D\u00e9co &#8211; Barcelone 1930<\/p>\n<hr \/>\n<p><b>Dimensions<\/b><\/p>\n<ul>\n<li><b>cm:<\/b> Diam 149 x 74<\/li>\n<li><b>inches:<\/b> Diam 58.66 x 29.13<\/li>\n<\/ul>\n","protected":false},"excerpt":{"rendered":"<p>Tr\u00e8s grande table ronde Art D\u00e9co en ch\u00eane massif et marqueterie, reposant sur un pied central moulur\u00e9, base en placage de ch\u00eane noir\u00e7i, filet de laiton nickel\u00e9, vernis au tampon. Possibilit\u00e9 de fabriquer des allonges de 120 cm maximum sur commande.<\/p>\n<p>Espagne, Barcelone vers 1930<\/p>\n<p>Prix sans allonges.<\/p>\n<p><b>Dimensions<\/b><\/p>\n<ul>\n<li><b>cm:<\/b> Diam 149 x 74<\/li>\n<li><b>inches:<\/b> Diam 58.66 x 29.13<\/li>\n<\/ul>\n","protected":false},"featured_media":3695,"template":"","meta":{"_editorskit_title_hidden":false,"_editorskit_reading_time":0,"_editorskit_is_block_options_detached":false,"_editorskit_block_options_position":"{}","inline_featured_image":false},"product_brand":[],"product_cat":[256,288],"product_tag":[],"class_list":{"0":"post-3702","1":"product","2":"type-product","3":"status-publish","4":"has-post-thumbnail","6":"product_cat-tables","7":"product_cat-tables-de-salle-a-manger","9":"first","10":"instock","11":"purchasable","12":"product-type-simple"},"_links":{"self":[{"href":"https:\/\/www.finsdesiecles-artdeco.com\/fr\/wp-json\/wp\/v2\/product\/3702","targetHints":{"allow":["GET"]}}],"collection":[{"href":"https:\/\/www.finsdesiecles-artdeco.com\/fr\/wp-json\/wp\/v2\/product"}],"about":[{"href":"https:\/\/www.finsdesiecles-artdeco.com\/fr\/wp-json\/wp\/v2\/types\/product"}],"wp:featuredmedia":[{"embeddable":true,"href":"https:\/\/www.finsdesiecles-artdeco.com\/fr\/wp-json\/wp\/v2\/media\/3695"}],"wp:attachment":[{"href":"https:\/\/www.finsdesiecles-artdeco.com\/fr\/wp-json\/wp\/v2\/media?parent=3702"}],"wp:term":[{"taxonomy":"product_brand","embeddable":true,"href":"https:\/\/www.finsdesiecles-artdeco.com\/fr\/wp-json\/wp\/v2\/product_brand?post=3702"},{"taxonomy":"product_cat","embeddable":true,"href":"https:\/\/www.finsdesiecles-artdeco.com\/fr\/wp-json\/wp\/v2\/product_cat?post=3702"},{"taxonomy":"product_tag","embeddable":true,"href":"https:\/\/www.finsdesiecles-artdeco.com\/fr\/wp-json\/wp\/v2\/product_tag?post=3702"}],"curies":[{"name":"wp","href":"https:\/\/api.w.org\/{rel}","templated":true}]}}