{"id":37037,"date":"2025-08-15T12:23:31","date_gmt":"2025-08-15T12:31:25","guid":{"rendered":"https:\/\/www.finsdesiecles-artdeco.com\/?post_type=product&#038;p=37037"},"modified":"2025-08-15T12:31:25","modified_gmt":"2025-08-15T12:31:25","slug":"paire-de-grandes-appliques-par-valenti-barcelone-1960","status":"publish","type":"product","link":"https:\/\/www.finsdesiecles-artdeco.com\/fr\/product\/paire-de-grandes-appliques-par-valenti-barcelone-1960\/","title":{"rendered":"Paire de grandes appliques par Valent\u00ed &#8211; Barcelone 1960"},"content":{"rendered":"<p>Paire de grandes appliques par Valent\u00ed &#8211; Barcelone 1960<\/p>\n<p><strong>Dimensions<\/strong><\/p>\n<p><strong>cm<\/strong>\u00a057 x 18 x 78<\/p>\n<p><strong>inches<\/strong>\u00a022.44 x 7.09 x 30.71<\/p>\n","protected":false},"excerpt":{"rendered":"<p>Paire de grandes appliques, en laiton poli et abats-jour refaits \u00e0 neuf en toile noire et int\u00e9rieur dor\u00e9. \u00ab\u00a0Bougies\u00a0\u00bb supportant les douilles originales en bois peint.<\/p>\n<p>Casa Valenti.<\/p>\n<p>Espagne, Barcelone vers 1960<\/p>\n<p>&nbsp;<\/p>\n<p><strong>Dimensions<\/strong><\/p>\n<p><strong>cm<\/strong>\u00a057 x 18 x 78<\/p>\n<p><strong>inches<\/strong>\u00a022.44 x 7.09 x 30.71<\/p>\n","protected":false},"featured_media":37020,"template":"","meta":{"_editorskit_title_hidden":false,"_editorskit_reading_time":0,"_editorskit_is_block_options_detached":false,"_editorskit_block_options_position":"{}","inline_featured_image":false},"product_brand":[],"product_cat":[354,264],"product_tag":[],"class_list":{"0":"post-37037","1":"product","2":"type-product","3":"status-publish","4":"has-post-thumbnail","6":"product_cat-appliques","7":"product_cat-luminaires","9":"first","10":"outofstock","11":"shipping-taxable","12":"product-type-simple"},"_links":{"self":[{"href":"https:\/\/www.finsdesiecles-artdeco.com\/fr\/wp-json\/wp\/v2\/product\/37037","targetHints":{"allow":["GET"]}}],"collection":[{"href":"https:\/\/www.finsdesiecles-artdeco.com\/fr\/wp-json\/wp\/v2\/product"}],"about":[{"href":"https:\/\/www.finsdesiecles-artdeco.com\/fr\/wp-json\/wp\/v2\/types\/product"}],"wp:featuredmedia":[{"embeddable":true,"href":"https:\/\/www.finsdesiecles-artdeco.com\/fr\/wp-json\/wp\/v2\/media\/37020"}],"wp:attachment":[{"href":"https:\/\/www.finsdesiecles-artdeco.com\/fr\/wp-json\/wp\/v2\/media?parent=37037"}],"wp:term":[{"taxonomy":"product_brand","embeddable":true,"href":"https:\/\/www.finsdesiecles-artdeco.com\/fr\/wp-json\/wp\/v2\/product_brand?post=37037"},{"taxonomy":"product_cat","embeddable":true,"href":"https:\/\/www.finsdesiecles-artdeco.com\/fr\/wp-json\/wp\/v2\/product_cat?post=37037"},{"taxonomy":"product_tag","embeddable":true,"href":"https:\/\/www.finsdesiecles-artdeco.com\/fr\/wp-json\/wp\/v2\/product_tag?post=37037"}],"curies":[{"name":"wp","href":"https:\/\/api.w.org\/{rel}","templated":true}]}}