{"id":3713,"date":"2016-09-28T12:28:42","date_gmt":"2016-09-28T12:28:42","guid":{"rendered":"https:\/\/www.finsdesiecles-artdeco.com\/?product=table"},"modified":"2026-02-26T23:03:06","modified_gmt":"2026-02-26T23:03:06","slug":"table-par-sergio-mazza-pour-domus","status":"publish","type":"product","link":"https:\/\/www.finsdesiecles-artdeco.com\/fr\/product\/table-par-sergio-mazza-pour-domus\/","title":{"rendered":"Table par Sergio Mazza pour Domus"},"content":{"rendered":"<p><strong>Sergio Mazza<\/strong>\u00a0(Milan, Italie, 1931)<\/p>\n<p>Designer et \u00e9diteur milanais, Mazza \u00e9tudie l&rsquo;architecture \u00e0 Lausanne. Apr\u00e8s avoir obtenu son dipl\u00f4me en 1954, il ouvre son propre studio. En 1960, il co-fonde Artemide avec l&rsquo;ing\u00e9nieur et designer Ernesto Gismondi. Leur objectif est de produire des produits intemporels et techniquement innovants. Mazza con\u00e7oit le premier produit \u00e0 succ\u00e8s de l&rsquo;entreprise, la lampe Alfa (1959), qui incorpore des \u00e9l\u00e9ments naturels et artificiels en verre, marbre et m\u00e9tal.<\/p>\n<p>D&rsquo;autres conceptions notables incluent la lampe Delta (1963), le fauteuil Mida (1966), le bar Bacco (1967) et la chaise empilable Toga (1968) faite d&rsquo;une seule pi\u00e8ce de fibre de verre et pr\u00e9sent\u00e9e pour la premi\u00e8re fois \u00e0 l&rsquo;exposition internationale du meuble \u00e0 Milan en 1969.<\/p>\n<p>En 1961, Mazza se s\u00e9pare de Gismondi et, avec l&rsquo;architecte Giuliana Gramigna, ouvre son studio milanais\u00a0Studio Smc. Ensemble, ils con\u00e7oivent des meubles et d&rsquo;autres produits pour Arflex, Artemide, Cinova, Formica, Krupp, Poltrona Frau, Quattrifolio, Saporiti et Valenti. De 1966 \u00e0 1988, Mazza est co-directeur d&rsquo;Ottagono, un magazine qui joue un r\u00f4le important dans le soutien de la culture du design italien contemporain. En 1967, Mazza commence \u00e0 concevoir pour l&rsquo;entreprise industrielle italienne Olivari.<\/p>\n<p>Au cours de son illustre carri\u00e8re, Mazza re\u00e7oit de nombreux prix, parmi lesquels la\u00a0m\u00e9daille d&rsquo;argent pour son\u00a0<em>Appartamento Italiano<\/em>\u00a0\u00e0 la 10e Triennale de Milan en 1954, et un\u00a0<em>Compasso d&rsquo;Oro\u00a0<\/em>pour la lampe Delta en 1960. Un mod\u00e8le de sa chaise Toga est conserv\u00e9 au V&amp;A Museum de Londres.<\/p>\n","protected":false},"excerpt":{"rendered":"<p>Importante table en acier noir\u00e7i, reposant sur des pieds r\u00e9glables en laiton massif poli , plateau recouvert du formica d&rsquo;origine.<\/p>\n<p>Design: Sergio Mazza pour le concours Domus de 1956.<\/p>\n<p>Italie 1956<\/p>\n<p>Documentation: Domus 8336 11\/1957<\/p>\n<p><b>Dimensions<\/b><\/p>\n<ul>\n<li><b>cm:<\/b> 200 x 91 x 80<\/li>\n<li><b>inches:<\/b> 78.74 x 35.83 x 31.5<\/li>\n<\/ul>\n","protected":false},"featured_media":3705,"template":"","meta":{"_editorskit_title_hidden":false,"_editorskit_reading_time":0,"_editorskit_is_block_options_detached":false,"_editorskit_block_options_position":"{}","inline_featured_image":false},"product_brand":[],"product_cat":[256,288],"product_tag":[],"class_list":{"0":"post-3713","1":"product","2":"type-product","3":"status-publish","4":"has-post-thumbnail","6":"product_cat-tables","7":"product_cat-tables-de-salle-a-manger","9":"first","10":"instock","11":"purchasable","12":"product-type-simple"},"_links":{"self":[{"href":"https:\/\/www.finsdesiecles-artdeco.com\/fr\/wp-json\/wp\/v2\/product\/3713","targetHints":{"allow":["GET"]}}],"collection":[{"href":"https:\/\/www.finsdesiecles-artdeco.com\/fr\/wp-json\/wp\/v2\/product"}],"about":[{"href":"https:\/\/www.finsdesiecles-artdeco.com\/fr\/wp-json\/wp\/v2\/types\/product"}],"wp:featuredmedia":[{"embeddable":true,"href":"https:\/\/www.finsdesiecles-artdeco.com\/fr\/wp-json\/wp\/v2\/media\/3705"}],"wp:attachment":[{"href":"https:\/\/www.finsdesiecles-artdeco.com\/fr\/wp-json\/wp\/v2\/media?parent=3713"}],"wp:term":[{"taxonomy":"product_brand","embeddable":true,"href":"https:\/\/www.finsdesiecles-artdeco.com\/fr\/wp-json\/wp\/v2\/product_brand?post=3713"},{"taxonomy":"product_cat","embeddable":true,"href":"https:\/\/www.finsdesiecles-artdeco.com\/fr\/wp-json\/wp\/v2\/product_cat?post=3713"},{"taxonomy":"product_tag","embeddable":true,"href":"https:\/\/www.finsdesiecles-artdeco.com\/fr\/wp-json\/wp\/v2\/product_tag?post=3713"}],"curies":[{"name":"wp","href":"https:\/\/api.w.org\/{rel}","templated":true}]}}