{"id":37161,"date":"2025-08-26T16:12:31","date_gmt":"2025-08-26T16:17:46","guid":{"rendered":"https:\/\/www.finsdesiecles-artdeco.com\/?post_type=product&#038;p=37161"},"modified":"2025-08-26T16:17:46","modified_gmt":"2025-08-26T16:17:46","slug":"commode-espagne-1970","status":"publish","type":"product","link":"https:\/\/www.finsdesiecles-artdeco.com\/fr\/product\/commode-espagne-1970\/","title":{"rendered":"Commode &#8211; Espagne 1970"},"content":{"rendered":"<p>Commode &#8211; Espagne 1970<\/p>\n<p><strong>Dimensions\u00a0<\/strong><\/p>\n<p><strong>cm<\/strong> 100 x 37 + 2 (poign\u00e9es) x 62,5<\/p>\n<p><strong>inches<\/strong> 39.37 x 14.57 + 0.79 (poign\u00e9es) x 24.60<\/p>\n","protected":false},"excerpt":{"rendered":"<p>Amusante commode en bois massif et agglom\u00e8r\u00e9 laqu\u00e9 orange, poign\u00e9es et d\u00e9corations en m\u00e9tal nickel\u00e9.<\/p>\n<p>Espagne 1970<\/p>\n<p>&nbsp;<\/p>\n<p><strong>Dimensions\u00a0<\/strong><\/p>\n<p><strong>cm<\/strong> 100 x 37 + 2 (poign\u00e9es) x 62,5<\/p>\n<p><strong>inches<\/strong> 39.37 x 14.57 + 0.79 (poign\u00e9es) x 24.60<\/p>\n","protected":false},"featured_media":37138,"template":"","meta":{"_editorskit_title_hidden":false,"_editorskit_reading_time":0,"_editorskit_is_block_options_detached":false,"_editorskit_block_options_position":"{}","inline_featured_image":false},"product_brand":[],"product_cat":[415,306],"product_tag":[],"class_list":{"0":"post-37161","1":"product","2":"type-product","3":"status-publish","4":"has-post-thumbnail","6":"product_cat-meubles-de-rangement","7":"product_cat-commodes","9":"first","10":"instock","11":"shipping-taxable","12":"purchasable","13":"product-type-simple"},"_links":{"self":[{"href":"https:\/\/www.finsdesiecles-artdeco.com\/fr\/wp-json\/wp\/v2\/product\/37161","targetHints":{"allow":["GET"]}}],"collection":[{"href":"https:\/\/www.finsdesiecles-artdeco.com\/fr\/wp-json\/wp\/v2\/product"}],"about":[{"href":"https:\/\/www.finsdesiecles-artdeco.com\/fr\/wp-json\/wp\/v2\/types\/product"}],"wp:featuredmedia":[{"embeddable":true,"href":"https:\/\/www.finsdesiecles-artdeco.com\/fr\/wp-json\/wp\/v2\/media\/37138"}],"wp:attachment":[{"href":"https:\/\/www.finsdesiecles-artdeco.com\/fr\/wp-json\/wp\/v2\/media?parent=37161"}],"wp:term":[{"taxonomy":"product_brand","embeddable":true,"href":"https:\/\/www.finsdesiecles-artdeco.com\/fr\/wp-json\/wp\/v2\/product_brand?post=37161"},{"taxonomy":"product_cat","embeddable":true,"href":"https:\/\/www.finsdesiecles-artdeco.com\/fr\/wp-json\/wp\/v2\/product_cat?post=37161"},{"taxonomy":"product_tag","embeddable":true,"href":"https:\/\/www.finsdesiecles-artdeco.com\/fr\/wp-json\/wp\/v2\/product_tag?post=37161"}],"curies":[{"name":"wp","href":"https:\/\/api.w.org\/{rel}","templated":true}]}}