{"id":3726,"date":"2016-10-04T12:45:38","date_gmt":"2016-10-04T12:45:38","guid":{"rendered":"https:\/\/www.finsdesiecles-artdeco.com\/?product=sofas"},"modified":"2022-11-03T12:38:16","modified_gmt":"2022-11-03T12:38:16","slug":"divan-type-chesterfield","status":"publish","type":"product","link":"https:\/\/www.finsdesiecles-artdeco.com\/fr\/product\/divan-type-chesterfield\/","title":{"rendered":"Divan type Chesterfield\u00a0"},"content":{"rendered":"<p>Divan type Chesterfield<\/p>\n<hr \/>\n<p><b>Dimensions<\/b><\/p>\n<ul>\n<li><b>cm:<\/b> 200 x 85 x 97<\/li>\n<li><b>inches:<\/b> 78.74 x 33.46 x 38.19<\/li>\n<\/ul>\n","protected":false},"excerpt":{"rendered":"<p>Tr\u00e8s rare divan type Chesterfield de forme libre, cuir \u00a0\u00bb Basanne\u00a0\u00bb original (d\u00e9fauts d&rsquo;usure) reposant sur un socle en h\u00eatre peint imitation \u00e9b\u00e8ne de Macassar, vernis au tampon et sabots en laiton poli.<\/p>\n<p>France c. 1940<\/p>\n<p><b>Dimensions<\/b><\/p>\n<ul>\n<li><b>cm:<\/b> 200 x 85 x 97<\/li>\n<li><b>inches:<\/b> 78.74 x 33.46 x 38.19<\/li>\n<\/ul>\n","protected":false},"featured_media":3716,"template":"","meta":{"_editorskit_title_hidden":false,"_editorskit_reading_time":0,"_editorskit_is_block_options_detached":false,"_editorskit_block_options_position":"{}","inline_featured_image":false},"product_brand":[],"product_cat":[250,282],"product_tag":[],"class_list":{"0":"post-3726","1":"product","2":"type-product","3":"status-publish","4":"has-post-thumbnail","6":"product_cat-sieges","7":"product_cat-sofas","9":"first","10":"instock","11":"purchasable","12":"product-type-simple"},"_links":{"self":[{"href":"https:\/\/www.finsdesiecles-artdeco.com\/fr\/wp-json\/wp\/v2\/product\/3726","targetHints":{"allow":["GET"]}}],"collection":[{"href":"https:\/\/www.finsdesiecles-artdeco.com\/fr\/wp-json\/wp\/v2\/product"}],"about":[{"href":"https:\/\/www.finsdesiecles-artdeco.com\/fr\/wp-json\/wp\/v2\/types\/product"}],"wp:featuredmedia":[{"embeddable":true,"href":"https:\/\/www.finsdesiecles-artdeco.com\/fr\/wp-json\/wp\/v2\/media\/3716"}],"wp:attachment":[{"href":"https:\/\/www.finsdesiecles-artdeco.com\/fr\/wp-json\/wp\/v2\/media?parent=3726"}],"wp:term":[{"taxonomy":"product_brand","embeddable":true,"href":"https:\/\/www.finsdesiecles-artdeco.com\/fr\/wp-json\/wp\/v2\/product_brand?post=3726"},{"taxonomy":"product_cat","embeddable":true,"href":"https:\/\/www.finsdesiecles-artdeco.com\/fr\/wp-json\/wp\/v2\/product_cat?post=3726"},{"taxonomy":"product_tag","embeddable":true,"href":"https:\/\/www.finsdesiecles-artdeco.com\/fr\/wp-json\/wp\/v2\/product_tag?post=3726"}],"curies":[{"name":"wp","href":"https:\/\/api.w.org\/{rel}","templated":true}]}}